{"id":1470,"date":"2020-01-20T14:22:32","date_gmt":"2020-01-20T13:22:32","guid":{"rendered":"https:\/\/imagis.tv\/?page_id=1470"},"modified":"2025-07-20T18:54:29","modified_gmt":"2025-07-20T16:54:29","slug":"impressum","status":"publish","type":"page","link":"https:\/\/imagis.tv\/en\/impressum\/","title":{"rendered":"Legal Notice"},"content":{"rendered":"<div id='top-section'  class='avia-section av-k14q1b3d-84ae0681d61363fdcf74b634f4ac3fea main_color avia-section-default avia-no-border-styling  avia-builder-el-0  el_before_av_section  avia-builder-el-first  __static avia-bg-style-scroll container_wrap fullsize'  ><div class='container av-section-cont-open' ><main  role=\"main\" itemprop=\"mainContentOfPage\"  class='template-page content  av-content-full alpha units'><div class='post-entry post-entry-type-page post-entry-1470'><div class='entry-content-wrapper clearfix'>\n\n<style type=\"text\/css\" data-created_by=\"avia_inline_auto\" id=\"style-css-av-k5o5zrsm-d3fbfef4eeca745e388aaa31e7e0efec\">\n#top .av-special-heading.av-k5o5zrsm-d3fbfef4eeca745e388aaa31e7e0efec{\npadding-bottom:10px;\n}\nbody .av-special-heading.av-k5o5zrsm-d3fbfef4eeca745e388aaa31e7e0efec .av-special-heading-tag .heading-char{\nfont-size:25px;\n}\n.av-special-heading.av-k5o5zrsm-d3fbfef4eeca745e388aaa31e7e0efec .av-subheading{\nfont-size:15px;\n}\n<\/style>\n<div  id=\"__page-title\"  class='av-special-heading av-k5o5zrsm-d3fbfef4eeca745e388aaa31e7e0efec av-special-heading-h1 blockquote modern-quote  avia-builder-el-1  el_before_av_codeblock  avia-builder-el-first  av-linked-heading'><h1 class='av-special-heading-tag '  itemprop=\"headline\"  >Legal Notice<\/h1><div class=\"special-heading-border\"><div class=\"special-heading-inner-border\"><\/div><\/div><\/div>\n\n\n<\/div><\/div><\/main><!-- close content main element --><\/div><\/div><div id='av_section_2'  class='avia-section av-10i7m-c720b74b071bf1f86bca192dd58fd7f3 main_color avia-section-default avia-no-border-styling  avia-builder-el-3  el_after_av_section  avia-builder-el-last  avia-bg-style-scroll container_wrap fullsize'  ><div class='container av-section-cont-open' ><div class='template-page content  av-content-full alpha units'><div class='post-entry post-entry-type-page post-entry-1470'><div class='entry-content-wrapper clearfix'>\n<section  class='av_textblock_section av-k1ar7q1u-bfae78a7b78d7712a2d4c15ebf84fb2f '   itemscope=\"itemscope\" itemtype=\"https:\/\/schema.org\/CreativeWork\" ><div class='avia_textblock'  itemprop=\"text\" ><p>imagis Filmproduktion GmbH &amp; Co. KG<br \/>\nAllee 82<br \/>\n74072 Heilbronn<br \/>\nGermany<\/p>\n<p>Trade Register: Municipal Court Stuttgart | Number: HRA 729485 | Registered Office: Heilbronn | VAT No.: DE293950837<\/p>\n<p><strong>Represented by CEOs:<\/strong><\/p>\n<p>Michael Stadler, Joshua J. Krull<\/p>\n<p><strong>Partner:<\/strong><\/p>\n<p>Maximilian F\u00f6ll (authorized representative),\u00a0Arne Junker<\/p>\n<p>imagis Verwaltungsgesellschaft mbH<br \/>\nAllee 82<br \/>\n74072 Heilbronn<br \/>\nGermany<\/p>\n<p>Trade Register: Municipal Court Stuttgart | Registernummer: HRB 747500 | Registered Office: Heilbronn | VAT No.: DE293950845<\/p>\n<p><strong>Contact:<\/strong><\/p>\n<p>Phone: +49 71 32 \/ 45 06 &#8211; 996<br \/>\nE-mail: action@imagis-film.de<\/p>\n<p><strong>Picture credits:<\/strong><\/p>\n<p>Homepage: imagis, Felix K\u00fchner, Pascal Siegert \/ imagis: imagis, The Stunt Alliance, Justus K\u00fcnanz, Pascal Siegert, Daniel Habermaas \/ Global Network: imagis, The Stunt Alliance \/ About Us: Marian Rohn, Pascal Siegert \/ Workflow: Zo\u00eb Gillies, Landratsamt Heilbronn \/ Working Crew: Pascal Siegert, respective copyright owners \/ Academy: Patrick Rosenhagen \/ Live!: Felix K\u00fchner, Nico Kurth, imagis, J\u00fcrgen H\u00e4ffner \/ High &amp; Hero: The Stunt Alliance, Justus K\u00fcnanz \/ Smart &amp; Short: Justus K\u00fcnanz \/ Film &amp; TV: The Stunt Alliance \/ Pascal Siegert, Justus K\u00fcnanz \/ PSYKHE: Patrick Rosenhagen<\/p>\n<\/div><\/section>\n\n","protected":false},"excerpt":{"rendered":"","protected":false},"author":1,"featured_media":0,"parent":0,"menu_order":0,"comment_status":"closed","ping_status":"closed","template":"","meta":{"footnotes":""},"class_list":["post-1470","page","type-page","status-publish","hentry"],"yoast_head":"<!-- This site is optimized with the Yoast SEO plugin v27.3 - https:\/\/yoast.com\/product\/yoast-seo-wordpress\/ -->\n<title>Legal Notice - imagis brands<\/title>\n<meta name=\"description\" content=\"Legal Notice - Read the imprint of imagis.tv GmbH &amp; Co. KG in 74172 Neckarsulm. If you have any questions please do not hesitate to contact us.\" \/>\n<meta name=\"robots\" content=\"index, follow, max-snippet:-1, max-image-preview:large, max-video-preview:-1\" \/>\n<link rel=\"canonical\" href=\"https:\/\/imagis.tv\/en\/impressum\/\" \/>\n<meta property=\"og:locale\" content=\"en_US\" \/>\n<meta property=\"og:type\" content=\"article\" \/>\n<meta property=\"og:title\" content=\"Legal Notice - imagis brands\" \/>\n<meta property=\"og:description\" content=\"Legal Notice - Read the imprint of imagis.tv GmbH &amp; Co. KG in 74172 Neckarsulm. If you have any questions please do not hesitate to contact us.\" \/>\n<meta property=\"og:url\" content=\"https:\/\/imagis.tv\/en\/impressum\/\" \/>\n<meta property=\"og:site_name\" content=\"imagis brands\" \/>\n<meta property=\"article:modified_time\" content=\"2025-07-20T16:54:29+00:00\" \/>\n<meta name=\"twitter:card\" content=\"summary_large_image\" \/>\n<meta name=\"twitter:label1\" content=\"Est. reading time\" \/>\n\t<meta name=\"twitter:data1\" content=\"1 minute\" \/>\n<script type=\"application\/ld+json\" class=\"yoast-schema-graph\">{\"@context\":\"https:\\\/\\\/schema.org\",\"@graph\":[{\"@type\":\"WebPage\",\"@id\":\"https:\\\/\\\/imagis.tv\\\/en\\\/impressum\\\/\",\"url\":\"https:\\\/\\\/imagis.tv\\\/en\\\/impressum\\\/\",\"name\":\"Legal Notice - imagis brands\",\"isPartOf\":{\"@id\":\"https:\\\/\\\/imagis.tv\\\/en\\\/#website\"},\"datePublished\":\"2020-01-20T13:22:32+00:00\",\"dateModified\":\"2025-07-20T16:54:29+00:00\",\"description\":\"Legal Notice - Read the imprint of imagis.tv GmbH & Co. KG in 74172 Neckarsulm. If you have any questions please do not hesitate to contact us.\",\"breadcrumb\":{\"@id\":\"https:\\\/\\\/imagis.tv\\\/en\\\/impressum\\\/#breadcrumb\"},\"inLanguage\":\"en-US\",\"potentialAction\":[{\"@type\":\"ReadAction\",\"target\":[\"https:\\\/\\\/imagis.tv\\\/en\\\/impressum\\\/\"]}]},{\"@type\":\"BreadcrumbList\",\"@id\":\"https:\\\/\\\/imagis.tv\\\/en\\\/impressum\\\/#breadcrumb\",\"itemListElement\":[{\"@type\":\"ListItem\",\"position\":1,\"name\":\"Startseite\",\"item\":\"https:\\\/\\\/imagis.tv\\\/en\\\/home\\\/\"},{\"@type\":\"ListItem\",\"position\":2,\"name\":\"Legal Notice\"}]},{\"@type\":\"WebSite\",\"@id\":\"https:\\\/\\\/imagis.tv\\\/en\\\/#website\",\"url\":\"https:\\\/\\\/imagis.tv\\\/en\\\/\",\"name\":\"imagis brands\",\"description\":\"\",\"potentialAction\":[{\"@type\":\"SearchAction\",\"target\":{\"@type\":\"EntryPoint\",\"urlTemplate\":\"https:\\\/\\\/imagis.tv\\\/en\\\/?s={search_term_string}\"},\"query-input\":{\"@type\":\"PropertyValueSpecification\",\"valueRequired\":true,\"valueName\":\"search_term_string\"}}],\"inLanguage\":\"en-US\"}]}<\/script>\n<!-- \/ Yoast SEO plugin. -->","yoast_head_json":{"title":"Legal Notice - imagis brands","description":"Legal Notice - Read the imprint of imagis.tv GmbH & Co. KG in 74172 Neckarsulm. If you have any questions please do not hesitate to contact us.","robots":{"index":"index","follow":"follow","max-snippet":"max-snippet:-1","max-image-preview":"max-image-preview:large","max-video-preview":"max-video-preview:-1"},"canonical":"https:\/\/imagis.tv\/en\/impressum\/","og_locale":"en_US","og_type":"article","og_title":"Legal Notice - imagis brands","og_description":"Legal Notice - Read the imprint of imagis.tv GmbH & Co. KG in 74172 Neckarsulm. If you have any questions please do not hesitate to contact us.","og_url":"https:\/\/imagis.tv\/en\/impressum\/","og_site_name":"imagis brands","article_modified_time":"2025-07-20T16:54:29+00:00","twitter_card":"summary_large_image","twitter_misc":{"Est. reading time":"1 minute"},"schema":{"@context":"https:\/\/schema.org","@graph":[{"@type":"WebPage","@id":"https:\/\/imagis.tv\/en\/impressum\/","url":"https:\/\/imagis.tv\/en\/impressum\/","name":"Legal Notice - imagis brands","isPartOf":{"@id":"https:\/\/imagis.tv\/en\/#website"},"datePublished":"2020-01-20T13:22:32+00:00","dateModified":"2025-07-20T16:54:29+00:00","description":"Legal Notice - Read the imprint of imagis.tv GmbH & Co. KG in 74172 Neckarsulm. If you have any questions please do not hesitate to contact us.","breadcrumb":{"@id":"https:\/\/imagis.tv\/en\/impressum\/#breadcrumb"},"inLanguage":"en-US","potentialAction":[{"@type":"ReadAction","target":["https:\/\/imagis.tv\/en\/impressum\/"]}]},{"@type":"BreadcrumbList","@id":"https:\/\/imagis.tv\/en\/impressum\/#breadcrumb","itemListElement":[{"@type":"ListItem","position":1,"name":"Startseite","item":"https:\/\/imagis.tv\/en\/home\/"},{"@type":"ListItem","position":2,"name":"Legal Notice"}]},{"@type":"WebSite","@id":"https:\/\/imagis.tv\/en\/#website","url":"https:\/\/imagis.tv\/en\/","name":"imagis brands","description":"","potentialAction":[{"@type":"SearchAction","target":{"@type":"EntryPoint","urlTemplate":"https:\/\/imagis.tv\/en\/?s={search_term_string}"},"query-input":{"@type":"PropertyValueSpecification","valueRequired":true,"valueName":"search_term_string"}}],"inLanguage":"en-US"}]}},"_links":{"self":[{"href":"https:\/\/imagis.tv\/en\/wp-json\/wp\/v2\/pages\/1470","targetHints":{"allow":["GET"]}}],"collection":[{"href":"https:\/\/imagis.tv\/en\/wp-json\/wp\/v2\/pages"}],"about":[{"href":"https:\/\/imagis.tv\/en\/wp-json\/wp\/v2\/types\/page"}],"author":[{"embeddable":true,"href":"https:\/\/imagis.tv\/en\/wp-json\/wp\/v2\/users\/1"}],"replies":[{"embeddable":true,"href":"https:\/\/imagis.tv\/en\/wp-json\/wp\/v2\/comments?post=1470"}],"version-history":[{"count":18,"href":"https:\/\/imagis.tv\/en\/wp-json\/wp\/v2\/pages\/1470\/revisions"}],"predecessor-version":[{"id":25721,"href":"https:\/\/imagis.tv\/en\/wp-json\/wp\/v2\/pages\/1470\/revisions\/25721"}],"wp:attachment":[{"href":"https:\/\/imagis.tv\/en\/wp-json\/wp\/v2\/media?parent=1470"}],"curies":[{"name":"wp","href":"https:\/\/api.w.org\/{rel}","templated":true}]}}