{"id":1396,"date":"2020-01-20T14:17:14","date_gmt":"2020-01-20T13:17:14","guid":{"rendered":"https:\/\/imagis.tv\/?page_id=1396"},"modified":"2024-01-30T15:25:32","modified_gmt":"2024-01-30T14:25:32","slug":"youtube-marketing","status":"publish","type":"page","link":"https:\/\/imagis.tv\/en\/einsatzgebiete\/youtube-marketing\/","title":{"rendered":"YouTube Marketing"},"content":{"rendered":"<div id='top-section'  class='avia-section av-k14q1b3d-84ae0681d61363fdcf74b634f4ac3fea main_color avia-section-default avia-no-border-styling  avia-builder-el-0  el_before_av_section  avia-builder-el-first  __static avia-bg-style-scroll container_wrap fullsize'  ><div class='container av-section-cont-open' ><main  role=\"main\" itemprop=\"mainContentOfPage\"  class='template-page content  av-content-full alpha units'><div class='post-entry post-entry-type-page post-entry-1396'><div class='entry-content-wrapper clearfix'>\n\n<style type=\"text\/css\" data-created_by=\"avia_inline_auto\" id=\"style-css-av-k551jfg8-eda9831de67e32768a4fcbc44d6271f4\">\n#top .av-special-heading.av-k551jfg8-eda9831de67e32768a4fcbc44d6271f4{\npadding-bottom:10px;\n}\nbody .av-special-heading.av-k551jfg8-eda9831de67e32768a4fcbc44d6271f4 .av-special-heading-tag .heading-char{\nfont-size:25px;\n}\n.av-special-heading.av-k551jfg8-eda9831de67e32768a4fcbc44d6271f4 .av-subheading{\nfont-size:15px;\n}\n<\/style>\n<div  id=\"__page-title\"  class='av-special-heading av-k551jfg8-eda9831de67e32768a4fcbc44d6271f4 av-special-heading-h1 blockquote modern-quote  avia-builder-el-1  el_before_av_codeblock  avia-builder-el-first '><h1 class='av-special-heading-tag '  itemprop=\"headline\"  >YouTube Marketing<\/h1><div class=\"special-heading-border\"><div class=\"special-heading-inner-border\"><\/div><\/div><\/div>\n\n\n<\/div><\/div><\/main><!-- close content main element --><\/div><\/div><div id='av_section_2'  class='avia-section av-7uog-7ee4eed27102c78098aa7bf4f4cb867a main_color avia-section-default avia-no-border-styling  avia-builder-el-3  el_after_av_section  avia-builder-el-last  avia-bg-style-scroll container_wrap fullsize'  ><div class='container av-section-cont-open' ><div class='template-page content  av-content-full alpha units'><div class='post-entry post-entry-type-page post-entry-1396'><div class='entry-content-wrapper clearfix'>\n\n<style type=\"text\/css\" data-created_by=\"avia_inline_auto\" id=\"style-css-av-5jnu-5d6fb371d2ec6a1e23322f47c8cd1543\">\n.flex_column.av-5jnu-5d6fb371d2ec6a1e23322f47c8cd1543{\nborder-radius:0px 0px 0px 0px;\npadding:0px 0px 0px 0px;\n}\n<\/style>\n<div  class='flex_column av-5jnu-5d6fb371d2ec6a1e23322f47c8cd1543 av_three_fourth  avia-builder-el-4  el_before_av_one_fourth  avia-builder-el-first  read_more_text first flex_column_div av-zero-column-padding  '     ><section  class='av_textblock_section av-k14ovvc6-3ac2cda3b0d08d93b99488c5d8def10f '   itemscope=\"itemscope\" itemtype=\"https:\/\/schema.org\/CreativeWork\" ><div class='avia_textblock padding-100'  itemprop=\"text\" ><h3>YouTube Marketing \u2013 Erstellung und Optimierung von Video-Content in Social Media Kan\u00e4len<\/h3>\n<p>YouTube ist als Kanal die zweitwichtgste Suchmaschine im Internet. Die Wichtigkeit und der Nutzen des Portals in Social Media und die Bedeutung f\u00fcr User und Unternehmen sollte damit bereits eindrucksvoll dargelegt sein. Auf YouTube k\u00f6nnen Unternehmen Inhalte in einem einzigartigen Format pr\u00e4sentieren und Contents auf unterschiedlichen Kan\u00e4len viral und teilbar machen.<\/p>\n<p>Je nach Aufgabenstellung und Zielformulierung lassen sich Videos f\u00fcr YouTube mit individuellen Auspr\u00e4gungen produzieren. Wie bei allen Videoproduktionen sind unterschiedlichste Faktoren ausschlaggebend f\u00fcr Aufwand und Kosten des Videos. Dazu beraten wir Sie gerne im pers\u00f6nlichen Gespr\u00e4ch.<\/p>\n<p>Gleichzeitig hat YouTube als Kanal seine eigenen Regeln und Gesetze, wenn es um eine erfolgreiche Platzierung eines Videos geht. Die Optimierung der Videos im Rahmen der YouTube Suchmaschine spielt eine gro\u00dfe Rolle f\u00fcr die Auffindbarkeit von Inhalte. Nach \u00e4hnlichen Prinzipien wie Google spielt die Optimierung f\u00fcr erfolgreiches Online-Marketing eine gro\u00dfe Rolle.<\/p>\n<h3>YouTube als Werbeplattform<\/h3>\n<p>Neben der M\u00f6glichkeit zur Vermarktung von Content auf YouTube bietet der Kanal die M\u00f6glichkeit, Werbevideos vor oder inmitten von YouTube-Videos zu platzieren. Sogenannte Pre-Roll-Videos werden den Usern beispielsweise vor dem eigentlichen Video eingeblendet und k\u00f6nnen erst nach einer vorgegebenen Zeit ausgeblendet werden. Zahlreiche weitere Werbem\u00f6glichkeiten nutzen Werbetreibende mit kurzen Videos f\u00fcr themen- oder zielgruppenrelevante Platzierungen.<\/p>\n<p>Spannende realisierte imagis Projekte f\u00fcr YouTube Videos finden Sie unter unseren <a href=\"https:\/\/imagis.tv\/imagis\/work\/\"><u>Referenzen<\/u><\/a><\/p>\n<p>Suchen Sie Anregungen f\u00fcr Videos rund um das Thema &#8220;YouTube Video&#8221;? Haben Sie Fragen zu Idee, Kosten oder Aufwand? Melden Sie sich \u00fcber unsere <a href=\"\/kontakt\/\"><u>Kontakt-Seite<\/u><\/a><\/p>\n<\/div><\/section><\/div>\n<style type=\"text\/css\" data-created_by=\"avia_inline_auto\" id=\"style-css-av-3932-5e028b945cb63479ea63cfeab96c6c2a\">\n.flex_column.av-3932-5e028b945cb63479ea63cfeab96c6c2a{\nborder-radius:0px 0px 0px 0px;\npadding:0px 0px 0px 0px;\n}\n<\/style>\n<div  class='flex_column av-3932-5e028b945cb63479ea63cfeab96c6c2a av_one_fourth  avia-builder-el-6  el_after_av_three_fourth  avia-builder-el-last  flex_column_div av-zero-column-padding  '     ><\/div>\n","protected":false},"excerpt":{"rendered":"","protected":false},"author":1,"featured_media":0,"parent":1351,"menu_order":0,"comment_status":"closed","ping_status":"closed","template":"","meta":{"footnotes":""},"class_list":["post-1396","page","type-page","status-publish","hentry"],"yoast_head":"<!-- This site is optimized with the Yoast SEO plugin v27.4 - https:\/\/yoast.com\/product\/yoast-seo-wordpress\/ -->\n<title>YouTube Marketing | imagis.tv<\/title>\n<meta name=\"description\" content=\"YouTube Marketing - We are your expert in creating and optimizing video content for social media channels. Get in touch with us!\" \/>\n<meta name=\"robots\" content=\"index, follow, max-snippet:-1, max-image-preview:large, max-video-preview:-1\" \/>\n<link rel=\"canonical\" href=\"https:\/\/imagis.tv\/en\/einsatzgebiete\/youtube-marketing\/\" \/>\n<meta property=\"og:locale\" content=\"en_US\" \/>\n<meta property=\"og:type\" content=\"article\" \/>\n<meta property=\"og:title\" content=\"YouTube Marketing | imagis.tv\" \/>\n<meta property=\"og:description\" content=\"YouTube Marketing - We are your expert in creating and optimizing video content for social media channels. Get in touch with us!\" \/>\n<meta property=\"og:url\" content=\"https:\/\/imagis.tv\/en\/einsatzgebiete\/youtube-marketing\/\" \/>\n<meta property=\"og:site_name\" content=\"imagis brands\" \/>\n<meta property=\"article:modified_time\" content=\"2024-01-30T14:25:32+00:00\" \/>\n<meta name=\"twitter:card\" content=\"summary_large_image\" \/>\n<meta name=\"twitter:label1\" content=\"Est. reading time\" \/>\n\t<meta name=\"twitter:data1\" content=\"4 minutes\" \/>\n<script type=\"application\/ld+json\" class=\"yoast-schema-graph\">{\"@context\":\"https:\\\/\\\/schema.org\",\"@graph\":[{\"@type\":\"WebPage\",\"@id\":\"https:\\\/\\\/imagis.tv\\\/en\\\/einsatzgebiete\\\/youtube-marketing\\\/\",\"url\":\"https:\\\/\\\/imagis.tv\\\/en\\\/einsatzgebiete\\\/youtube-marketing\\\/\",\"name\":\"YouTube Marketing | imagis.tv\",\"isPartOf\":{\"@id\":\"https:\\\/\\\/imagis.tv\\\/en\\\/#website\"},\"datePublished\":\"2020-01-20T13:17:14+00:00\",\"dateModified\":\"2024-01-30T14:25:32+00:00\",\"description\":\"YouTube Marketing - We are your expert in creating and optimizing video content for social media channels. Get in touch with us!\",\"breadcrumb\":{\"@id\":\"https:\\\/\\\/imagis.tv\\\/en\\\/einsatzgebiete\\\/youtube-marketing\\\/#breadcrumb\"},\"inLanguage\":\"en-US\",\"potentialAction\":[{\"@type\":\"ReadAction\",\"target\":[\"https:\\\/\\\/imagis.tv\\\/en\\\/einsatzgebiete\\\/youtube-marketing\\\/\"]}]},{\"@type\":\"BreadcrumbList\",\"@id\":\"https:\\\/\\\/imagis.tv\\\/en\\\/einsatzgebiete\\\/youtube-marketing\\\/#breadcrumb\",\"itemListElement\":[{\"@type\":\"ListItem\",\"position\":1,\"name\":\"Startseite\",\"item\":\"https:\\\/\\\/imagis.tv\\\/en\\\/home\\\/\"},{\"@type\":\"ListItem\",\"position\":2,\"name\":\"Applications\",\"item\":\"https:\\\/\\\/imagis.tv\\\/en\\\/einsatzgebiete\\\/\"},{\"@type\":\"ListItem\",\"position\":3,\"name\":\"YouTube Marketing\"}]},{\"@type\":\"WebSite\",\"@id\":\"https:\\\/\\\/imagis.tv\\\/en\\\/#website\",\"url\":\"https:\\\/\\\/imagis.tv\\\/en\\\/\",\"name\":\"imagis brands\",\"description\":\"\",\"potentialAction\":[{\"@type\":\"SearchAction\",\"target\":{\"@type\":\"EntryPoint\",\"urlTemplate\":\"https:\\\/\\\/imagis.tv\\\/en\\\/?s={search_term_string}\"},\"query-input\":{\"@type\":\"PropertyValueSpecification\",\"valueRequired\":true,\"valueName\":\"search_term_string\"}}],\"inLanguage\":\"en-US\"}]}<\/script>\n<!-- \/ Yoast SEO plugin. -->","yoast_head_json":{"title":"YouTube Marketing | imagis.tv","description":"YouTube Marketing - We are your expert in creating and optimizing video content for social media channels. Get in touch with us!","robots":{"index":"index","follow":"follow","max-snippet":"max-snippet:-1","max-image-preview":"max-image-preview:large","max-video-preview":"max-video-preview:-1"},"canonical":"https:\/\/imagis.tv\/en\/einsatzgebiete\/youtube-marketing\/","og_locale":"en_US","og_type":"article","og_title":"YouTube Marketing | imagis.tv","og_description":"YouTube Marketing - We are your expert in creating and optimizing video content for social media channels. Get in touch with us!","og_url":"https:\/\/imagis.tv\/en\/einsatzgebiete\/youtube-marketing\/","og_site_name":"imagis brands","article_modified_time":"2024-01-30T14:25:32+00:00","twitter_card":"summary_large_image","twitter_misc":{"Est. reading time":"4 minutes"},"schema":{"@context":"https:\/\/schema.org","@graph":[{"@type":"WebPage","@id":"https:\/\/imagis.tv\/en\/einsatzgebiete\/youtube-marketing\/","url":"https:\/\/imagis.tv\/en\/einsatzgebiete\/youtube-marketing\/","name":"YouTube Marketing | imagis.tv","isPartOf":{"@id":"https:\/\/imagis.tv\/en\/#website"},"datePublished":"2020-01-20T13:17:14+00:00","dateModified":"2024-01-30T14:25:32+00:00","description":"YouTube Marketing - We are your expert in creating and optimizing video content for social media channels. Get in touch with us!","breadcrumb":{"@id":"https:\/\/imagis.tv\/en\/einsatzgebiete\/youtube-marketing\/#breadcrumb"},"inLanguage":"en-US","potentialAction":[{"@type":"ReadAction","target":["https:\/\/imagis.tv\/en\/einsatzgebiete\/youtube-marketing\/"]}]},{"@type":"BreadcrumbList","@id":"https:\/\/imagis.tv\/en\/einsatzgebiete\/youtube-marketing\/#breadcrumb","itemListElement":[{"@type":"ListItem","position":1,"name":"Startseite","item":"https:\/\/imagis.tv\/en\/home\/"},{"@type":"ListItem","position":2,"name":"Applications","item":"https:\/\/imagis.tv\/en\/einsatzgebiete\/"},{"@type":"ListItem","position":3,"name":"YouTube Marketing"}]},{"@type":"WebSite","@id":"https:\/\/imagis.tv\/en\/#website","url":"https:\/\/imagis.tv\/en\/","name":"imagis brands","description":"","potentialAction":[{"@type":"SearchAction","target":{"@type":"EntryPoint","urlTemplate":"https:\/\/imagis.tv\/en\/?s={search_term_string}"},"query-input":{"@type":"PropertyValueSpecification","valueRequired":true,"valueName":"search_term_string"}}],"inLanguage":"en-US"}]}},"_links":{"self":[{"href":"https:\/\/imagis.tv\/en\/wp-json\/wp\/v2\/pages\/1396","targetHints":{"allow":["GET"]}}],"collection":[{"href":"https:\/\/imagis.tv\/en\/wp-json\/wp\/v2\/pages"}],"about":[{"href":"https:\/\/imagis.tv\/en\/wp-json\/wp\/v2\/types\/page"}],"author":[{"embeddable":true,"href":"https:\/\/imagis.tv\/en\/wp-json\/wp\/v2\/users\/1"}],"replies":[{"embeddable":true,"href":"https:\/\/imagis.tv\/en\/wp-json\/wp\/v2\/comments?post=1396"}],"version-history":[{"count":4,"href":"https:\/\/imagis.tv\/en\/wp-json\/wp\/v2\/pages\/1396\/revisions"}],"predecessor-version":[{"id":17601,"href":"https:\/\/imagis.tv\/en\/wp-json\/wp\/v2\/pages\/1396\/revisions\/17601"}],"up":[{"embeddable":true,"href":"https:\/\/imagis.tv\/en\/wp-json\/wp\/v2\/pages\/1351"}],"wp:attachment":[{"href":"https:\/\/imagis.tv\/en\/wp-json\/wp\/v2\/media?parent=1396"}],"curies":[{"name":"wp","href":"https:\/\/api.w.org\/{rel}","templated":true}]}}