{"id":1391,"date":"2020-01-20T14:16:48","date_gmt":"2020-01-20T13:16:48","guid":{"rendered":"https:\/\/imagis.tv\/?page_id=1391"},"modified":"2024-01-30T15:25:32","modified_gmt":"2024-01-30T14:25:32","slug":"werbefilmproduktion","status":"publish","type":"page","link":"https:\/\/imagis.tv\/en\/einsatzgebiete\/werbefilmproduktion\/","title":{"rendered":"Werbefilmproduktion"},"content":{"rendered":"<div id='top-section'  class='avia-section av-k14q1b3d-84ae0681d61363fdcf74b634f4ac3fea main_color avia-section-default avia-no-border-styling  avia-builder-el-0  el_before_av_section  avia-builder-el-first  __static avia-bg-style-scroll container_wrap fullsize'  ><div class='container av-section-cont-open' ><main  role=\"main\" itemprop=\"mainContentOfPage\"  class='template-page content  av-content-full alpha units'><div class='post-entry post-entry-type-page post-entry-1391'><div class='entry-content-wrapper clearfix'>\n\n<style type=\"text\/css\" data-created_by=\"avia_inline_auto\" id=\"style-css-av-k551h7gx-9fbf00eb23b3865308661c5d06d73ccb\">\n#top .av-special-heading.av-k551h7gx-9fbf00eb23b3865308661c5d06d73ccb{\npadding-bottom:10px;\n}\nbody .av-special-heading.av-k551h7gx-9fbf00eb23b3865308661c5d06d73ccb .av-special-heading-tag .heading-char{\nfont-size:25px;\n}\n.av-special-heading.av-k551h7gx-9fbf00eb23b3865308661c5d06d73ccb .av-subheading{\nfont-size:15px;\n}\n<\/style>\n<div  id=\"__page-title\"  class='av-special-heading av-k551h7gx-9fbf00eb23b3865308661c5d06d73ccb av-special-heading-h1 blockquote modern-quote  avia-builder-el-1  el_before_av_codeblock  avia-builder-el-first '><h1 class='av-special-heading-tag '  itemprop=\"headline\"  >Werbefilm-produktion<\/h1><div class=\"special-heading-border\"><div class=\"special-heading-inner-border\"><\/div><\/div><\/div>\n\n\n<\/div><\/div><\/main><!-- close content main element --><\/div><\/div><div id='av_section_2'  class='avia-section av-7uog-7ee4eed27102c78098aa7bf4f4cb867a main_color avia-section-default avia-no-border-styling  avia-builder-el-3  el_after_av_section  avia-builder-el-last  avia-bg-style-scroll container_wrap fullsize'  ><div class='container av-section-cont-open' ><div class='template-page content  av-content-full alpha units'><div class='post-entry post-entry-type-page post-entry-1391'><div class='entry-content-wrapper clearfix'>\n\n<style type=\"text\/css\" data-created_by=\"avia_inline_auto\" id=\"style-css-av-5jnu-5d6fb371d2ec6a1e23322f47c8cd1543\">\n.flex_column.av-5jnu-5d6fb371d2ec6a1e23322f47c8cd1543{\nborder-radius:0px 0px 0px 0px;\npadding:0px 0px 0px 0px;\n}\n<\/style>\n<div  class='flex_column av-5jnu-5d6fb371d2ec6a1e23322f47c8cd1543 av_three_fourth  avia-builder-el-4  el_before_av_one_fourth  avia-builder-el-first  read_more_text first flex_column_div av-zero-column-padding  '     ><section  class='av_textblock_section av-k14ovvc6-3ac2cda3b0d08d93b99488c5d8def10f '   itemscope=\"itemscope\" itemtype=\"https:\/\/schema.org\/CreativeWork\" ><div class='avia_textblock padding-100'  itemprop=\"text\" ><h3>Von der Idee zum Werbefilme<\/h3>\n<p>Die Werbefilmproduktion bedarf verschiedener Schritte, um ein erfolgreiches Endprodukt liefern zu k\u00f6nnen. Dabei ist es wichtig, gemeinsam mit dem Kunden von Anfang an alle Phasen zu definieren, um letztendlich auch die vereinbarten Ziele des werbenden Unternehmens zu erreichen.<\/p>\n<h3>Unternehmen, Marke oder Produkt \u2013 am Ende soll gro\u00dfes Kino zu sehen sein.<\/h3>\n<p>Ein gro\u00dfes Ziel haben Werbefilme und Werbefilmproduktionen: den Kunden bzw. die Zielgruppe mit einer packenden Geschichte ins Herz zu treffen. Fesselnd, bewegend und vor allem authentisch gegen\u00fcber Marke, Produkt aber auch Unternehmen. Unkonventionelle und au\u00dfergew\u00f6hnliche Ideen im Film bleiben in Erinnerung und sorgen f\u00fcr eine echte Verbindung zwischen Kunde und Unternehmen.<\/p>\n<h3>Wie wird eine Werbefilmproduktion aber wirklich erfolgreich?<\/h3>\n<p>Allen Aufgaben voran steht die Analyse: Was will der Kunde, was will die Zielgruppe, was soll im Sinne des Unternehmens durch den Werbefilm erreicht werden? Auf Basis eines umfangreichen Briefings \u2013 im besten Falle in einem gemeinsamen Workshop \u2013 erarbeiten wir Bed\u00fcrfnisse und Ziele und starten mit Kunde und Unternehmen den Prozess f\u00fcr das weitere Werbefilmkonzept.<\/p>\n<p>Ein authentisches und auf das Unternehmen zugeschnittenes Konzept entsteht durch die vorangegangene Analyse. Dieses bildet die Grundlage f\u00fcr den Kreativprozess zur Entwicklung von Idee und Story und letztendlich dem Storyboard. Erste Visualisierungen und Moodboards stehen Pate f\u00fcr die Abstimmung mit dem Kunden und der finalen Freigabe zur Produktion des Werbefilms.<\/p>\n<p>Nach Castings und Scoutings steht der Dreh und im Team mit allen relevanten Einheiten erfolgt die effiziente Werbefilmproduktion. Die Postproduktion wird nach den Dreharbeiten in den Studios umgesetzt. Parallel zu Text-, Ton- und Musikarbeiten wird der erste Rohschnitt erstellt. Zuletzt erfolgen das Color Grading und der finale Schnitt mit dem Rendering der Daten mit definierter Aufl\u00f6sung und passendem Format f\u00fcr den gew\u00fcnschten medialen Einsatz.<\/p>\n<p>Spannende realisierte imagis Werbefilmproduktionen finden Sie unter unseren <a href=\"https:\/\/imagis.tv\/imagis\/work\/\"><u>Referenzen<\/u><\/a><\/p>\n<p>Suchen Sie Anregungen f\u00fcr eine Werbefilmproduktion? Haben Sie Fragen zu Idee, Kosten oder Aufwand? Melden Sie sich \u00fcber unsere <a href=\"\/kontakt\/\"><u>Kontakt-Seite<\/u><\/a><\/p>\n<\/div><\/section><\/div>\n<style type=\"text\/css\" data-created_by=\"avia_inline_auto\" id=\"style-css-av-3932-5e028b945cb63479ea63cfeab96c6c2a\">\n.flex_column.av-3932-5e028b945cb63479ea63cfeab96c6c2a{\nborder-radius:0px 0px 0px 0px;\npadding:0px 0px 0px 0px;\n}\n<\/style>\n<div  class='flex_column av-3932-5e028b945cb63479ea63cfeab96c6c2a av_one_fourth  avia-builder-el-6  el_after_av_three_fourth  avia-builder-el-last  flex_column_div av-zero-column-padding  '     ><\/div>\n","protected":false},"excerpt":{"rendered":"","protected":false},"author":1,"featured_media":0,"parent":1351,"menu_order":0,"comment_status":"closed","ping_status":"closed","template":"","meta":{"footnotes":""},"class_list":["post-1391","page","type-page","status-publish","hentry"],"yoast_head":"<!-- This site is optimized with the Yoast SEO plugin v27.4 - https:\/\/yoast.com\/product\/yoast-seo-wordpress\/ -->\n<title>Advertising film production | imagis.tv<\/title>\n<meta name=\"description\" content=\"Advertising film production - Together with the customer we define all phases in order to deliver a successful end product. Read more about it.\" \/>\n<meta name=\"robots\" content=\"index, follow, max-snippet:-1, max-image-preview:large, max-video-preview:-1\" \/>\n<link rel=\"canonical\" href=\"https:\/\/imagis.tv\/en\/einsatzgebiete\/werbefilmproduktion\/\" \/>\n<meta property=\"og:locale\" content=\"en_US\" \/>\n<meta property=\"og:type\" content=\"article\" \/>\n<meta property=\"og:title\" content=\"Advertising film production | imagis.tv\" \/>\n<meta property=\"og:description\" content=\"Advertising film production - Together with the customer we define all phases in order to deliver a successful end product. Read more about it.\" \/>\n<meta property=\"og:url\" content=\"https:\/\/imagis.tv\/en\/einsatzgebiete\/werbefilmproduktion\/\" \/>\n<meta property=\"og:site_name\" content=\"imagis brands\" \/>\n<meta property=\"article:modified_time\" content=\"2024-01-30T14:25:32+00:00\" \/>\n<meta name=\"twitter:card\" content=\"summary_large_image\" \/>\n<meta name=\"twitter:label1\" content=\"Est. reading time\" \/>\n\t<meta name=\"twitter:data1\" content=\"5 minutes\" \/>\n<script type=\"application\/ld+json\" class=\"yoast-schema-graph\">{\"@context\":\"https:\\\/\\\/schema.org\",\"@graph\":[{\"@type\":\"WebPage\",\"@id\":\"https:\\\/\\\/imagis.tv\\\/en\\\/einsatzgebiete\\\/werbefilmproduktion\\\/\",\"url\":\"https:\\\/\\\/imagis.tv\\\/en\\\/einsatzgebiete\\\/werbefilmproduktion\\\/\",\"name\":\"Advertising film production | imagis.tv\",\"isPartOf\":{\"@id\":\"https:\\\/\\\/imagis.tv\\\/en\\\/#website\"},\"datePublished\":\"2020-01-20T13:16:48+00:00\",\"dateModified\":\"2024-01-30T14:25:32+00:00\",\"description\":\"Advertising film production - Together with the customer we define all phases in order to deliver a successful end product. Read more about it.\",\"breadcrumb\":{\"@id\":\"https:\\\/\\\/imagis.tv\\\/en\\\/einsatzgebiete\\\/werbefilmproduktion\\\/#breadcrumb\"},\"inLanguage\":\"en-US\",\"potentialAction\":[{\"@type\":\"ReadAction\",\"target\":[\"https:\\\/\\\/imagis.tv\\\/en\\\/einsatzgebiete\\\/werbefilmproduktion\\\/\"]}]},{\"@type\":\"BreadcrumbList\",\"@id\":\"https:\\\/\\\/imagis.tv\\\/en\\\/einsatzgebiete\\\/werbefilmproduktion\\\/#breadcrumb\",\"itemListElement\":[{\"@type\":\"ListItem\",\"position\":1,\"name\":\"Startseite\",\"item\":\"https:\\\/\\\/imagis.tv\\\/en\\\/home\\\/\"},{\"@type\":\"ListItem\",\"position\":2,\"name\":\"Applications\",\"item\":\"https:\\\/\\\/imagis.tv\\\/en\\\/einsatzgebiete\\\/\"},{\"@type\":\"ListItem\",\"position\":3,\"name\":\"Werbefilmproduktion\"}]},{\"@type\":\"WebSite\",\"@id\":\"https:\\\/\\\/imagis.tv\\\/en\\\/#website\",\"url\":\"https:\\\/\\\/imagis.tv\\\/en\\\/\",\"name\":\"imagis brands\",\"description\":\"\",\"potentialAction\":[{\"@type\":\"SearchAction\",\"target\":{\"@type\":\"EntryPoint\",\"urlTemplate\":\"https:\\\/\\\/imagis.tv\\\/en\\\/?s={search_term_string}\"},\"query-input\":{\"@type\":\"PropertyValueSpecification\",\"valueRequired\":true,\"valueName\":\"search_term_string\"}}],\"inLanguage\":\"en-US\"}]}<\/script>\n<!-- \/ Yoast SEO plugin. -->","yoast_head_json":{"title":"Advertising film production | imagis.tv","description":"Advertising film production - Together with the customer we define all phases in order to deliver a successful end product. Read more about it.","robots":{"index":"index","follow":"follow","max-snippet":"max-snippet:-1","max-image-preview":"max-image-preview:large","max-video-preview":"max-video-preview:-1"},"canonical":"https:\/\/imagis.tv\/en\/einsatzgebiete\/werbefilmproduktion\/","og_locale":"en_US","og_type":"article","og_title":"Advertising film production | imagis.tv","og_description":"Advertising film production - Together with the customer we define all phases in order to deliver a successful end product. Read more about it.","og_url":"https:\/\/imagis.tv\/en\/einsatzgebiete\/werbefilmproduktion\/","og_site_name":"imagis brands","article_modified_time":"2024-01-30T14:25:32+00:00","twitter_card":"summary_large_image","twitter_misc":{"Est. reading time":"5 minutes"},"schema":{"@context":"https:\/\/schema.org","@graph":[{"@type":"WebPage","@id":"https:\/\/imagis.tv\/en\/einsatzgebiete\/werbefilmproduktion\/","url":"https:\/\/imagis.tv\/en\/einsatzgebiete\/werbefilmproduktion\/","name":"Advertising film production | imagis.tv","isPartOf":{"@id":"https:\/\/imagis.tv\/en\/#website"},"datePublished":"2020-01-20T13:16:48+00:00","dateModified":"2024-01-30T14:25:32+00:00","description":"Advertising film production - Together with the customer we define all phases in order to deliver a successful end product. Read more about it.","breadcrumb":{"@id":"https:\/\/imagis.tv\/en\/einsatzgebiete\/werbefilmproduktion\/#breadcrumb"},"inLanguage":"en-US","potentialAction":[{"@type":"ReadAction","target":["https:\/\/imagis.tv\/en\/einsatzgebiete\/werbefilmproduktion\/"]}]},{"@type":"BreadcrumbList","@id":"https:\/\/imagis.tv\/en\/einsatzgebiete\/werbefilmproduktion\/#breadcrumb","itemListElement":[{"@type":"ListItem","position":1,"name":"Startseite","item":"https:\/\/imagis.tv\/en\/home\/"},{"@type":"ListItem","position":2,"name":"Applications","item":"https:\/\/imagis.tv\/en\/einsatzgebiete\/"},{"@type":"ListItem","position":3,"name":"Werbefilmproduktion"}]},{"@type":"WebSite","@id":"https:\/\/imagis.tv\/en\/#website","url":"https:\/\/imagis.tv\/en\/","name":"imagis brands","description":"","potentialAction":[{"@type":"SearchAction","target":{"@type":"EntryPoint","urlTemplate":"https:\/\/imagis.tv\/en\/?s={search_term_string}"},"query-input":{"@type":"PropertyValueSpecification","valueRequired":true,"valueName":"search_term_string"}}],"inLanguage":"en-US"}]}},"_links":{"self":[{"href":"https:\/\/imagis.tv\/en\/wp-json\/wp\/v2\/pages\/1391","targetHints":{"allow":["GET"]}}],"collection":[{"href":"https:\/\/imagis.tv\/en\/wp-json\/wp\/v2\/pages"}],"about":[{"href":"https:\/\/imagis.tv\/en\/wp-json\/wp\/v2\/types\/page"}],"author":[{"embeddable":true,"href":"https:\/\/imagis.tv\/en\/wp-json\/wp\/v2\/users\/1"}],"replies":[{"embeddable":true,"href":"https:\/\/imagis.tv\/en\/wp-json\/wp\/v2\/comments?post=1391"}],"version-history":[{"count":6,"href":"https:\/\/imagis.tv\/en\/wp-json\/wp\/v2\/pages\/1391\/revisions"}],"predecessor-version":[{"id":17591,"href":"https:\/\/imagis.tv\/en\/wp-json\/wp\/v2\/pages\/1391\/revisions\/17591"}],"up":[{"embeddable":true,"href":"https:\/\/imagis.tv\/en\/wp-json\/wp\/v2\/pages\/1351"}],"wp:attachment":[{"href":"https:\/\/imagis.tv\/en\/wp-json\/wp\/v2\/media?parent=1391"}],"curies":[{"name":"wp","href":"https:\/\/api.w.org\/{rel}","templated":true}]}}