{"id":1381,"date":"2020-01-20T14:15:55","date_gmt":"2020-01-20T13:15:55","guid":{"rendered":"https:\/\/imagis.tv\/?page_id=1381"},"modified":"2025-06-19T18:01:38","modified_gmt":"2025-06-19T16:01:38","slug":"videoproduktion","status":"publish","type":"page","link":"https:\/\/imagis.tv\/en\/einsatzgebiete\/videoproduktion\/","title":{"rendered":"Videoproduktion"},"content":{"rendered":"<div id='top-section'  class='avia-section av-k14q1b3d-84ae0681d61363fdcf74b634f4ac3fea main_color avia-section-default avia-no-border-styling  avia-builder-el-0  el_before_av_section  avia-builder-el-first  __static avia-bg-style-scroll container_wrap fullsize'  ><div class='container av-section-cont-open' ><main  role=\"main\" itemprop=\"mainContentOfPage\"  class='template-page content  av-content-full alpha units'><div class='post-entry post-entry-type-page post-entry-1381'><div class='entry-content-wrapper clearfix'>\n\n<style type=\"text\/css\" data-created_by=\"avia_inline_auto\" id=\"style-css-av-k56qyes7-3757cb10b3ea8a88fdb434a16274cad1\">\n#top .av-special-heading.av-k56qyes7-3757cb10b3ea8a88fdb434a16274cad1{\npadding-bottom:10px;\n}\nbody .av-special-heading.av-k56qyes7-3757cb10b3ea8a88fdb434a16274cad1 .av-special-heading-tag .heading-char{\nfont-size:25px;\n}\n.av-special-heading.av-k56qyes7-3757cb10b3ea8a88fdb434a16274cad1 .av-subheading{\nfont-size:15px;\n}\n<\/style>\n<div  id=\"__page-title\"  class='av-special-heading av-k56qyes7-3757cb10b3ea8a88fdb434a16274cad1 av-special-heading-h1 blockquote modern-quote  avia-builder-el-1  el_before_av_codeblock  avia-builder-el-first '><h1 class='av-special-heading-tag '  itemprop=\"headline\"  >Videoproduktion<\/h1><div class=\"special-heading-border\"><div class=\"special-heading-inner-border\"><\/div><\/div><\/div>\n\n\n<\/div><\/div><\/main><!-- close content main element --><\/div><\/div><div id='av_section_2'  class='avia-section av-7uog-7ee4eed27102c78098aa7bf4f4cb867a main_color avia-section-default avia-no-border-styling  avia-builder-el-3  el_after_av_section  avia-builder-el-last  avia-bg-style-scroll container_wrap fullsize'  ><div class='container av-section-cont-open' ><div class='template-page content  av-content-full alpha units'><div class='post-entry post-entry-type-page post-entry-1381'><div class='entry-content-wrapper clearfix'>\n\n<style type=\"text\/css\" data-created_by=\"avia_inline_auto\" id=\"style-css-av-5jnu-5d6fb371d2ec6a1e23322f47c8cd1543\">\n.flex_column.av-5jnu-5d6fb371d2ec6a1e23322f47c8cd1543{\nborder-radius:0px 0px 0px 0px;\npadding:0px 0px 0px 0px;\n}\n<\/style>\n<div  class='flex_column av-5jnu-5d6fb371d2ec6a1e23322f47c8cd1543 av_three_fourth  avia-builder-el-4  el_before_av_one_fourth  avia-builder-el-first  read_more_text first flex_column_div av-zero-column-padding  '     ><section  class='av_textblock_section av-k14ovvc6-3ac2cda3b0d08d93b99488c5d8def10f '   itemscope=\"itemscope\" itemtype=\"https:\/\/schema.org\/CreativeWork\" ><div class='avia_textblock padding-100'  itemprop=\"text\" ><h3>Videoproduktion \u2013 das Kernst\u00fcck im Videomarketing.<\/h3>\n<p>Rund um Strategien und Konzepte im Online-Marketing bilden Video- und Filmproduktionen einen wesentlichen und den meist aufw\u00e4ndigsten Part. Insofern ist es ratsam f\u00fcr Unternehmen und Kunden, sich fr\u00fchzeitig an einen Tisch zu setzen, um die Zielsetzung des Videos gemeinsam festzulegen. Wie auch bei einem Imagefilm, spielen in erster Linie die Intention des Films, die Zielgruppen und die Kommunikationsstrategie rund um das Video und die Videoproduktion eine entscheidende Rolle. Denn tats\u00e4chlich werden zahlreiche Imagefilme und Videos immer noch am Bedarf des Marktes vorbei produziert. Erfolgreiche Videoproduktionen transportieren eine starke, gut strukturierte Nachricht, die, emotional umgesetzt, mit den richtigen Worten und den perfekten Key Visuals arbeitet.<\/p>\n<h3>Wie aufw\u00e4ndig ist eine Videoproduktion?<\/h3>\n<p>Eine Frage, die sich nicht ohne eine Vielzahl an R\u00fcckfragen beantworten l\u00e4sst. \u201eDas kommt darauf an \u2026\u201c m\u00f6chten wir am liebsten zur\u00fcckrufen. Schienenfahrten, Kameradrohnen, Kr\u00e4ne \u2026 sind nur der Anfang der Optionen f\u00fcr Imagefilme, Filme oder Videos. Gut ausgew\u00e4hlte Drehorte, professionelle Sprecher und Schauspieler sind deutliche Anzeichen f\u00fcr eine anspruchsvolle und hochwertige Videoproduktion. Lockangebote lassen derlei Leistungen gerne vermissen. Sachkompetenz und Kreativit\u00e4t sowie eine starke Idee bzw. ein perfektes Drehbuch, das Ihren Vorstellungen entspricht, sind unabdingbar f\u00fcr eine erfolgreiche Produktion.<\/p>\n<h3>Was kostet eine Videoproduktion?<\/h3>\n<p>imagis produziert Videos und Filme in unterschiedlichen Dimensionen und entsprechend aufw\u00e4ndigen Produktionsfaktoren:<\/p>\n<ul>\n<li><a href=\"https:\/\/imagis.tv\/en\/commercials\/\">High&amp;Hero<\/a><\/li>\n<li><a href=\"https:\/\/imagis.tv\/en\/social\/\">Smart&amp;Short<\/a><\/li>\n<li><a href=\"https:\/\/imagis.tv\/en\/film-tv\/\">Film&amp;TV<\/a><\/li>\n<\/ul>\n<p>Jeder Produktionsbereich birgt individuelle Anforderungen, Techniken und Kreativit\u00e4tsmomente. Neben Zeitaufwand und Ressourcen spielt die erforderliche Technik eine entscheidende Rolle. H\u00f6chste Qualit\u00e4tsstandards erfordern anspruchsvolle Produktionstechniken, die fr\u00fchzeitig einkalkuliert werden m\u00fcssen. Die Kosten f\u00fcr eine Videoproduktion lassen sich bereits nach einem ersten Briefinggespr\u00e4ch grob definieren und erm\u00f6glichen so f\u00fcr Kunden und Unternehmen Handlungsentscheidungen sowie die M\u00f6glichkeit, tats\u00e4chliche Anforderungen und Leistungen budgetorientiert gemeinsam zu definieren.<\/p>\n<p>Spannende realisierte imagis Videoproduktionen f\u00fcr Unternehmen, Arbeitgeber und Brandings finden Sie unter unseren <a href=\"https:\/\/imagis.tv\/imagis\/work\/\"><u>Referenzen<\/u><\/a><\/p>\n<p>Suchen Sie Anregungen f\u00fcr Ihr Video? Haben Sie Fragen zu Idee, Kosten oder Aufwand? Melden Sie sich \u00fcber unsere <a href=\"https:\/\/imagis.tv\/en\/kontakt-standort\/\"><u>Kontakt-Seite<\/u><\/a><\/p>\n<\/div><\/section><\/div>\n<style type=\"text\/css\" data-created_by=\"avia_inline_auto\" id=\"style-css-av-3932-5e028b945cb63479ea63cfeab96c6c2a\">\n.flex_column.av-3932-5e028b945cb63479ea63cfeab96c6c2a{\nborder-radius:0px 0px 0px 0px;\npadding:0px 0px 0px 0px;\n}\n<\/style>\n<div  class='flex_column av-3932-5e028b945cb63479ea63cfeab96c6c2a av_one_fourth  avia-builder-el-6  el_after_av_three_fourth  avia-builder-el-last  flex_column_div av-zero-column-padding  '     ><\/div>\n","protected":false},"excerpt":{"rendered":"","protected":false},"author":1,"featured_media":0,"parent":1351,"menu_order":0,"comment_status":"closed","ping_status":"closed","template":"","meta":{"footnotes":""},"class_list":["post-1381","page","type-page","status-publish","hentry"],"yoast_head":"<!-- This site is optimized with the Yoast SEO plugin v27.4 - https:\/\/yoast.com\/product\/yoast-seo-wordpress\/ -->\n<title>Video production | imagis.tv<\/title>\n<meta name=\"description\" content=\"A successful video production conveys a strong message. We are your partner when it comes to effective video production. Contact us directly!\" \/>\n<meta name=\"robots\" content=\"index, follow, max-snippet:-1, max-image-preview:large, max-video-preview:-1\" \/>\n<link rel=\"canonical\" href=\"https:\/\/imagis.tv\/en\/einsatzgebiete\/videoproduktion\/\" \/>\n<meta property=\"og:locale\" content=\"en_US\" \/>\n<meta property=\"og:type\" content=\"article\" \/>\n<meta property=\"og:title\" content=\"Video production | imagis.tv\" \/>\n<meta property=\"og:description\" content=\"A successful video production conveys a strong message. We are your partner when it comes to effective video production. Contact us directly!\" \/>\n<meta property=\"og:url\" content=\"https:\/\/imagis.tv\/en\/einsatzgebiete\/videoproduktion\/\" \/>\n<meta property=\"og:site_name\" content=\"imagis brands\" \/>\n<meta property=\"article:modified_time\" content=\"2025-06-19T16:01:38+00:00\" \/>\n<meta name=\"twitter:card\" content=\"summary_large_image\" \/>\n<meta name=\"twitter:label1\" content=\"Est. reading time\" \/>\n\t<meta name=\"twitter:data1\" content=\"5 minutes\" \/>\n<script type=\"application\/ld+json\" class=\"yoast-schema-graph\">{\"@context\":\"https:\\\/\\\/schema.org\",\"@graph\":[{\"@type\":\"WebPage\",\"@id\":\"https:\\\/\\\/imagis.tv\\\/en\\\/einsatzgebiete\\\/videoproduktion\\\/\",\"url\":\"https:\\\/\\\/imagis.tv\\\/en\\\/einsatzgebiete\\\/videoproduktion\\\/\",\"name\":\"Video production | imagis.tv\",\"isPartOf\":{\"@id\":\"https:\\\/\\\/imagis.tv\\\/en\\\/#website\"},\"datePublished\":\"2020-01-20T13:15:55+00:00\",\"dateModified\":\"2025-06-19T16:01:38+00:00\",\"description\":\"A successful video production conveys a strong message. We are your partner when it comes to effective video production. Contact us directly!\",\"breadcrumb\":{\"@id\":\"https:\\\/\\\/imagis.tv\\\/en\\\/einsatzgebiete\\\/videoproduktion\\\/#breadcrumb\"},\"inLanguage\":\"en-US\",\"potentialAction\":[{\"@type\":\"ReadAction\",\"target\":[\"https:\\\/\\\/imagis.tv\\\/en\\\/einsatzgebiete\\\/videoproduktion\\\/\"]}]},{\"@type\":\"BreadcrumbList\",\"@id\":\"https:\\\/\\\/imagis.tv\\\/en\\\/einsatzgebiete\\\/videoproduktion\\\/#breadcrumb\",\"itemListElement\":[{\"@type\":\"ListItem\",\"position\":1,\"name\":\"Startseite\",\"item\":\"https:\\\/\\\/imagis.tv\\\/en\\\/home\\\/\"},{\"@type\":\"ListItem\",\"position\":2,\"name\":\"Applications\",\"item\":\"https:\\\/\\\/imagis.tv\\\/en\\\/einsatzgebiete\\\/\"},{\"@type\":\"ListItem\",\"position\":3,\"name\":\"Videoproduktion\"}]},{\"@type\":\"WebSite\",\"@id\":\"https:\\\/\\\/imagis.tv\\\/en\\\/#website\",\"url\":\"https:\\\/\\\/imagis.tv\\\/en\\\/\",\"name\":\"imagis brands\",\"description\":\"\",\"potentialAction\":[{\"@type\":\"SearchAction\",\"target\":{\"@type\":\"EntryPoint\",\"urlTemplate\":\"https:\\\/\\\/imagis.tv\\\/en\\\/?s={search_term_string}\"},\"query-input\":{\"@type\":\"PropertyValueSpecification\",\"valueRequired\":true,\"valueName\":\"search_term_string\"}}],\"inLanguage\":\"en-US\"}]}<\/script>\n<!-- \/ Yoast SEO plugin. -->","yoast_head_json":{"title":"Video production | imagis.tv","description":"A successful video production conveys a strong message. We are your partner when it comes to effective video production. Contact us directly!","robots":{"index":"index","follow":"follow","max-snippet":"max-snippet:-1","max-image-preview":"max-image-preview:large","max-video-preview":"max-video-preview:-1"},"canonical":"https:\/\/imagis.tv\/en\/einsatzgebiete\/videoproduktion\/","og_locale":"en_US","og_type":"article","og_title":"Video production | imagis.tv","og_description":"A successful video production conveys a strong message. We are your partner when it comes to effective video production. Contact us directly!","og_url":"https:\/\/imagis.tv\/en\/einsatzgebiete\/videoproduktion\/","og_site_name":"imagis brands","article_modified_time":"2025-06-19T16:01:38+00:00","twitter_card":"summary_large_image","twitter_misc":{"Est. reading time":"5 minutes"},"schema":{"@context":"https:\/\/schema.org","@graph":[{"@type":"WebPage","@id":"https:\/\/imagis.tv\/en\/einsatzgebiete\/videoproduktion\/","url":"https:\/\/imagis.tv\/en\/einsatzgebiete\/videoproduktion\/","name":"Video production | imagis.tv","isPartOf":{"@id":"https:\/\/imagis.tv\/en\/#website"},"datePublished":"2020-01-20T13:15:55+00:00","dateModified":"2025-06-19T16:01:38+00:00","description":"A successful video production conveys a strong message. We are your partner when it comes to effective video production. Contact us directly!","breadcrumb":{"@id":"https:\/\/imagis.tv\/en\/einsatzgebiete\/videoproduktion\/#breadcrumb"},"inLanguage":"en-US","potentialAction":[{"@type":"ReadAction","target":["https:\/\/imagis.tv\/en\/einsatzgebiete\/videoproduktion\/"]}]},{"@type":"BreadcrumbList","@id":"https:\/\/imagis.tv\/en\/einsatzgebiete\/videoproduktion\/#breadcrumb","itemListElement":[{"@type":"ListItem","position":1,"name":"Startseite","item":"https:\/\/imagis.tv\/en\/home\/"},{"@type":"ListItem","position":2,"name":"Applications","item":"https:\/\/imagis.tv\/en\/einsatzgebiete\/"},{"@type":"ListItem","position":3,"name":"Videoproduktion"}]},{"@type":"WebSite","@id":"https:\/\/imagis.tv\/en\/#website","url":"https:\/\/imagis.tv\/en\/","name":"imagis brands","description":"","potentialAction":[{"@type":"SearchAction","target":{"@type":"EntryPoint","urlTemplate":"https:\/\/imagis.tv\/en\/?s={search_term_string}"},"query-input":{"@type":"PropertyValueSpecification","valueRequired":true,"valueName":"search_term_string"}}],"inLanguage":"en-US"}]}},"_links":{"self":[{"href":"https:\/\/imagis.tv\/en\/wp-json\/wp\/v2\/pages\/1381","targetHints":{"allow":["GET"]}}],"collection":[{"href":"https:\/\/imagis.tv\/en\/wp-json\/wp\/v2\/pages"}],"about":[{"href":"https:\/\/imagis.tv\/en\/wp-json\/wp\/v2\/types\/page"}],"author":[{"embeddable":true,"href":"https:\/\/imagis.tv\/en\/wp-json\/wp\/v2\/users\/1"}],"replies":[{"embeddable":true,"href":"https:\/\/imagis.tv\/en\/wp-json\/wp\/v2\/comments?post=1381"}],"version-history":[{"count":6,"href":"https:\/\/imagis.tv\/en\/wp-json\/wp\/v2\/pages\/1381\/revisions"}],"predecessor-version":[{"id":23851,"href":"https:\/\/imagis.tv\/en\/wp-json\/wp\/v2\/pages\/1381\/revisions\/23851"}],"up":[{"embeddable":true,"href":"https:\/\/imagis.tv\/en\/wp-json\/wp\/v2\/pages\/1351"}],"wp:attachment":[{"href":"https:\/\/imagis.tv\/en\/wp-json\/wp\/v2\/media?parent=1381"}],"curies":[{"name":"wp","href":"https:\/\/api.w.org\/{rel}","templated":true}]}}