{"id":1373,"date":"2020-01-20T14:14:53","date_gmt":"2020-01-20T13:14:53","guid":{"rendered":"https:\/\/imagis.tv\/?page_id=1373"},"modified":"2024-01-30T15:25:31","modified_gmt":"2024-01-30T14:25:31","slug":"recruiting-video","status":"publish","type":"page","link":"https:\/\/imagis.tv\/en\/einsatzgebiete\/recruiting-video\/","title":{"rendered":"Recruiting Video"},"content":{"rendered":"<div id='top-section'  class='avia-section av-k14q1b3d-84ae0681d61363fdcf74b634f4ac3fea main_color avia-section-default avia-no-border-styling  avia-builder-el-0  el_before_av_section  avia-builder-el-first  __static avia-bg-style-scroll container_wrap fullsize'  ><div class='container av-section-cont-open' ><main  role=\"main\" itemprop=\"mainContentOfPage\"  class='template-page content  av-content-full alpha units'><div class='post-entry post-entry-type-page post-entry-1373'><div class='entry-content-wrapper clearfix'>\n\n<style type=\"text\/css\" data-created_by=\"avia_inline_auto\" id=\"style-css-av-k545cd3j-70fcc098459f6aecfd5b5c09fbf761e7\">\n#top .av-special-heading.av-k545cd3j-70fcc098459f6aecfd5b5c09fbf761e7{\npadding-bottom:10px;\n}\nbody .av-special-heading.av-k545cd3j-70fcc098459f6aecfd5b5c09fbf761e7 .av-special-heading-tag .heading-char{\nfont-size:25px;\n}\n.av-special-heading.av-k545cd3j-70fcc098459f6aecfd5b5c09fbf761e7 .av-subheading{\nfont-size:15px;\n}\n<\/style>\n<div  id=\"__page-title\"  class='av-special-heading av-k545cd3j-70fcc098459f6aecfd5b5c09fbf761e7 av-special-heading-h1 blockquote modern-quote  avia-builder-el-1  el_before_av_codeblock  avia-builder-el-first '><h1 class='av-special-heading-tag '  itemprop=\"headline\"  >Recruiting Videos f\u00fcr Unternehmen<\/h1><div class=\"special-heading-border\"><div class=\"special-heading-inner-border\"><\/div><\/div><\/div>\n\n\n<\/div><\/div><\/main><!-- close content main element --><\/div><\/div><div id='av_section_2'  class='avia-section av-7uog-7ee4eed27102c78098aa7bf4f4cb867a main_color avia-section-default avia-no-border-styling  avia-builder-el-3  el_after_av_section  avia-builder-el-last  avia-bg-style-scroll container_wrap fullsize'  ><div class='container av-section-cont-open' ><div class='template-page content  av-content-full alpha units'><div class='post-entry post-entry-type-page post-entry-1373'><div class='entry-content-wrapper clearfix'>\n\n<style type=\"text\/css\" data-created_by=\"avia_inline_auto\" id=\"style-css-av-5jnu-5d6fb371d2ec6a1e23322f47c8cd1543\">\n.flex_column.av-5jnu-5d6fb371d2ec6a1e23322f47c8cd1543{\nborder-radius:0px 0px 0px 0px;\npadding:0px 0px 0px 0px;\n}\n<\/style>\n<div  class='flex_column av-5jnu-5d6fb371d2ec6a1e23322f47c8cd1543 av_three_fourth  avia-builder-el-4  el_before_av_one_fourth  avia-builder-el-first  read_more_text first flex_column_div av-zero-column-padding  '     ><section  class='av_textblock_section av-k14ovvc6-3ac2cda3b0d08d93b99488c5d8def10f '   itemscope=\"itemscope\" itemtype=\"https:\/\/schema.org\/CreativeWork\" ><div class='avia_textblock padding-100'  itemprop=\"text\" ><h3>Recruiting Videos f\u00fcr Unternehmen<\/h3>\n<p>Digital Natives f\u00fchlen sich auf dem Jobmarkt mit Sicherheit st\u00e4rker von Recruitment Videos angesprochen als von reinen Textanzeigen. Das Format \u201eBewegtbild\u201c sorgt nicht nur f\u00fcr mehr Aufmerksamkeit bei Bewerbern sondern auch f\u00fcr h\u00f6here Relevanz bei den Algorithmen in den Sozialen Medien. Und Kan\u00e4le wie YouTube oder facebook sind zwischenzeitlich auch bei Bewerbern und Unternehmen als Job-Marktplatz angekommen.<\/p>\n<p>Wichtig f\u00fcr ein erfolgreiches Recruiting Video sind \u2013 neben der professionellen Video-Produktion \u2013 ein gutes Konzept und eine aufmerksamkeitsstarke und ansprechende Story. Im Idealfall findet ein Unternehmensvideo f\u00fcr Bewerber in einem thematischen Umfeld statt, das die Recruitingstrategie des Unternehmens in anderen Medien unterst\u00fctzt und eine umfassende \u201eStoryklammer\u201c beinhaltet.<\/p>\n<p>imagis repr\u00e4sentiert neben anspruchsvollen technischen Umsetzungen f\u00fcr Videoproduktionen auch ein herausragendes Kreativspektrum innerhalb des Kernteams des Unternehmens.<\/p>\n<ul>\n<li>Bewerber wollen Stories aus Unternehmen erleben<\/li>\n<li>Glaubw\u00fcrdigkeit und Authentizit\u00e4t spielen eine gro\u00dfe Rolle in den Produktionen<\/li>\n<li>Employer Videos von imagis transportieren Emotion, Energie, Begeisterung und Engagement. Dabei coachen wir Ihre eigenen Mitarbeiter f\u00fcr die perfekte und sympathische Darstellung<\/li>\n<li>Wir halten die Dinge in Bewegung und sorgen f\u00fcr moderne Schnitttechnik und Bilder, die sich nicht nur bewegen sondern emotional Ihre Bewerber in Bewegung bringen<\/li>\n<li>Die Postproduktion am Ende des Projektes bietet zus\u00e4tzliches Potenzial f\u00fcr Effekte, Sound und Moderation<\/li>\n<\/ul>\n<h3>Was kostet ein Recruting Video?<\/h3>\n<p>Die Kosten f\u00fcr ein Recruiting Video setzen sich aus zahlreichen Faktoren zusammen:<\/p>\n<p>Die Konzeption beinhaltet Recherche, Idee und das Drehbuch. Je nach Umfang und Anforderung entwickeln wir ein entsprechendes Storyboard f\u00fcr die einzelnen Szenen.<br \/>\nAus dem Konzept berechnen sich bereits grob Aufw\u00e4nde, Zeit und Kosten f\u00fcr die Produktion. Je nach Anzahl der Mitarbeiter und Umfang der Technik lassen sich unterschiedliche Budgets f\u00fcr die Produktion eines Recruiting Videos abfangen. Mitarbeiter oder Schauspieler \u2026 im eigenen Unternehmen oder an gemieteter Location \u2026 GEMA \u2026 Moderation \u2026 die Bandbreite der Einflussfaktoren ist gro\u00df. Bereits nach einem ersten Briefing und nach Aufnahme Ihrer Vorstellungen k\u00f6nnen wir Ihnen jedoch schon einen Kostenrahmen nennen, der die M\u00f6glichkeit bietet, gemeinsam die Faktoren zu bestimmen, die zum gew\u00fcnschten Budget f\u00fchren.<\/p>\n<p>Spannende realisierte imagis Projekte f\u00fcr Recruiting Videos finden Sie unter unseren <a href=\"https:\/\/imagis.tv\/imagis\/work\/\"><u>Referenzen<\/u><\/a><\/p>\n<p>Suchen Sie Anregungen f\u00fcr Ihr Recruiting Video? Haben Sie Fragen zu Idee, Kosten oder Aufwand? Melden Sie sich \u00fcber unsere <a href=\"\/kontakt\/\"><u>Kontakt-Seite<\/u><\/a><\/p>\n<\/div><\/section><\/div>\n<style type=\"text\/css\" data-created_by=\"avia_inline_auto\" id=\"style-css-av-3932-5e028b945cb63479ea63cfeab96c6c2a\">\n.flex_column.av-3932-5e028b945cb63479ea63cfeab96c6c2a{\nborder-radius:0px 0px 0px 0px;\npadding:0px 0px 0px 0px;\n}\n<\/style>\n<div  class='flex_column av-3932-5e028b945cb63479ea63cfeab96c6c2a av_one_fourth  avia-builder-el-6  el_after_av_three_fourth  avia-builder-el-last  flex_column_div av-zero-column-padding  '     ><\/div>\n","protected":false},"excerpt":{"rendered":"","protected":false},"author":1,"featured_media":0,"parent":1351,"menu_order":0,"comment_status":"closed","ping_status":"closed","template":"","meta":{"footnotes":""},"class_list":["post-1373","page","type-page","status-publish","hentry"],"yoast_head":"<!-- This site is optimized with the Yoast SEO plugin v27.4 - https:\/\/yoast.com\/product\/yoast-seo-wordpress\/ -->\n<title>Recruiting Videos | imagis.tv<\/title>\n<meta name=\"description\" content=\"Nothing represents an employer more authentically than a recruiting video. Are you looking for suggestions for your Recruiting Video? Then contact us!\" \/>\n<meta name=\"robots\" content=\"index, follow, max-snippet:-1, max-image-preview:large, max-video-preview:-1\" \/>\n<link rel=\"canonical\" href=\"https:\/\/imagis.tv\/en\/einsatzgebiete\/recruiting-video\/\" \/>\n<meta property=\"og:locale\" content=\"en_US\" \/>\n<meta property=\"og:type\" content=\"article\" \/>\n<meta property=\"og:title\" content=\"Recruiting Videos | imagis.tv\" \/>\n<meta property=\"og:description\" content=\"Nothing represents an employer more authentically than a recruiting video. Are you looking for suggestions for your Recruiting Video? Then contact us!\" \/>\n<meta property=\"og:url\" content=\"https:\/\/imagis.tv\/en\/einsatzgebiete\/recruiting-video\/\" \/>\n<meta property=\"og:site_name\" content=\"imagis brands\" \/>\n<meta property=\"article:modified_time\" content=\"2024-01-30T14:25:31+00:00\" \/>\n<meta name=\"twitter:card\" content=\"summary_large_image\" \/>\n<meta name=\"twitter:label1\" content=\"Est. reading time\" \/>\n\t<meta name=\"twitter:data1\" content=\"5 minutes\" \/>\n<script type=\"application\/ld+json\" class=\"yoast-schema-graph\">{\"@context\":\"https:\\\/\\\/schema.org\",\"@graph\":[{\"@type\":\"WebPage\",\"@id\":\"https:\\\/\\\/imagis.tv\\\/en\\\/einsatzgebiete\\\/recruiting-video\\\/\",\"url\":\"https:\\\/\\\/imagis.tv\\\/en\\\/einsatzgebiete\\\/recruiting-video\\\/\",\"name\":\"Recruiting Videos | imagis.tv\",\"isPartOf\":{\"@id\":\"https:\\\/\\\/imagis.tv\\\/en\\\/#website\"},\"datePublished\":\"2020-01-20T13:14:53+00:00\",\"dateModified\":\"2024-01-30T14:25:31+00:00\",\"description\":\"Nothing represents an employer more authentically than a recruiting video. Are you looking for suggestions for your Recruiting Video? Then contact us!\",\"breadcrumb\":{\"@id\":\"https:\\\/\\\/imagis.tv\\\/en\\\/einsatzgebiete\\\/recruiting-video\\\/#breadcrumb\"},\"inLanguage\":\"en-US\",\"potentialAction\":[{\"@type\":\"ReadAction\",\"target\":[\"https:\\\/\\\/imagis.tv\\\/en\\\/einsatzgebiete\\\/recruiting-video\\\/\"]}]},{\"@type\":\"BreadcrumbList\",\"@id\":\"https:\\\/\\\/imagis.tv\\\/en\\\/einsatzgebiete\\\/recruiting-video\\\/#breadcrumb\",\"itemListElement\":[{\"@type\":\"ListItem\",\"position\":1,\"name\":\"Startseite\",\"item\":\"https:\\\/\\\/imagis.tv\\\/en\\\/home\\\/\"},{\"@type\":\"ListItem\",\"position\":2,\"name\":\"Applications\",\"item\":\"https:\\\/\\\/imagis.tv\\\/en\\\/einsatzgebiete\\\/\"},{\"@type\":\"ListItem\",\"position\":3,\"name\":\"Recruiting Video\"}]},{\"@type\":\"WebSite\",\"@id\":\"https:\\\/\\\/imagis.tv\\\/en\\\/#website\",\"url\":\"https:\\\/\\\/imagis.tv\\\/en\\\/\",\"name\":\"imagis brands\",\"description\":\"\",\"potentialAction\":[{\"@type\":\"SearchAction\",\"target\":{\"@type\":\"EntryPoint\",\"urlTemplate\":\"https:\\\/\\\/imagis.tv\\\/en\\\/?s={search_term_string}\"},\"query-input\":{\"@type\":\"PropertyValueSpecification\",\"valueRequired\":true,\"valueName\":\"search_term_string\"}}],\"inLanguage\":\"en-US\"}]}<\/script>\n<!-- \/ Yoast SEO plugin. -->","yoast_head_json":{"title":"Recruiting Videos | imagis.tv","description":"Nothing represents an employer more authentically than a recruiting video. Are you looking for suggestions for your Recruiting Video? Then contact us!","robots":{"index":"index","follow":"follow","max-snippet":"max-snippet:-1","max-image-preview":"max-image-preview:large","max-video-preview":"max-video-preview:-1"},"canonical":"https:\/\/imagis.tv\/en\/einsatzgebiete\/recruiting-video\/","og_locale":"en_US","og_type":"article","og_title":"Recruiting Videos | imagis.tv","og_description":"Nothing represents an employer more authentically than a recruiting video. Are you looking for suggestions for your Recruiting Video? Then contact us!","og_url":"https:\/\/imagis.tv\/en\/einsatzgebiete\/recruiting-video\/","og_site_name":"imagis brands","article_modified_time":"2024-01-30T14:25:31+00:00","twitter_card":"summary_large_image","twitter_misc":{"Est. reading time":"5 minutes"},"schema":{"@context":"https:\/\/schema.org","@graph":[{"@type":"WebPage","@id":"https:\/\/imagis.tv\/en\/einsatzgebiete\/recruiting-video\/","url":"https:\/\/imagis.tv\/en\/einsatzgebiete\/recruiting-video\/","name":"Recruiting Videos | imagis.tv","isPartOf":{"@id":"https:\/\/imagis.tv\/en\/#website"},"datePublished":"2020-01-20T13:14:53+00:00","dateModified":"2024-01-30T14:25:31+00:00","description":"Nothing represents an employer more authentically than a recruiting video. Are you looking for suggestions for your Recruiting Video? Then contact us!","breadcrumb":{"@id":"https:\/\/imagis.tv\/en\/einsatzgebiete\/recruiting-video\/#breadcrumb"},"inLanguage":"en-US","potentialAction":[{"@type":"ReadAction","target":["https:\/\/imagis.tv\/en\/einsatzgebiete\/recruiting-video\/"]}]},{"@type":"BreadcrumbList","@id":"https:\/\/imagis.tv\/en\/einsatzgebiete\/recruiting-video\/#breadcrumb","itemListElement":[{"@type":"ListItem","position":1,"name":"Startseite","item":"https:\/\/imagis.tv\/en\/home\/"},{"@type":"ListItem","position":2,"name":"Applications","item":"https:\/\/imagis.tv\/en\/einsatzgebiete\/"},{"@type":"ListItem","position":3,"name":"Recruiting Video"}]},{"@type":"WebSite","@id":"https:\/\/imagis.tv\/en\/#website","url":"https:\/\/imagis.tv\/en\/","name":"imagis brands","description":"","potentialAction":[{"@type":"SearchAction","target":{"@type":"EntryPoint","urlTemplate":"https:\/\/imagis.tv\/en\/?s={search_term_string}"},"query-input":{"@type":"PropertyValueSpecification","valueRequired":true,"valueName":"search_term_string"}}],"inLanguage":"en-US"}]}},"_links":{"self":[{"href":"https:\/\/imagis.tv\/en\/wp-json\/wp\/v2\/pages\/1373","targetHints":{"allow":["GET"]}}],"collection":[{"href":"https:\/\/imagis.tv\/en\/wp-json\/wp\/v2\/pages"}],"about":[{"href":"https:\/\/imagis.tv\/en\/wp-json\/wp\/v2\/types\/page"}],"author":[{"embeddable":true,"href":"https:\/\/imagis.tv\/en\/wp-json\/wp\/v2\/users\/1"}],"replies":[{"embeddable":true,"href":"https:\/\/imagis.tv\/en\/wp-json\/wp\/v2\/comments?post=1373"}],"version-history":[{"count":4,"href":"https:\/\/imagis.tv\/en\/wp-json\/wp\/v2\/pages\/1373\/revisions"}],"predecessor-version":[{"id":17551,"href":"https:\/\/imagis.tv\/en\/wp-json\/wp\/v2\/pages\/1373\/revisions\/17551"}],"up":[{"embeddable":true,"href":"https:\/\/imagis.tv\/en\/wp-json\/wp\/v2\/pages\/1351"}],"wp:attachment":[{"href":"https:\/\/imagis.tv\/en\/wp-json\/wp\/v2\/media?parent=1373"}],"curies":[{"name":"wp","href":"https:\/\/api.w.org\/{rel}","templated":true}]}}