{"id":1364,"date":"2020-01-20T14:13:52","date_gmt":"2020-01-20T13:13:52","guid":{"rendered":"https:\/\/imagis.tv\/?page_id=1364"},"modified":"2024-01-30T15:27:09","modified_gmt":"2024-01-30T14:27:09","slug":"imagefilm","status":"publish","type":"page","link":"https:\/\/imagis.tv\/en\/einsatzgebiete\/imagefilm\/","title":{"rendered":"Imagefilm"},"content":{"rendered":"<div id='top-section'  class='avia-section av-k14q1b3d-84ae0681d61363fdcf74b634f4ac3fea main_color avia-section-default avia-no-border-styling  avia-builder-el-0  el_before_av_section  avia-builder-el-first  __static avia-bg-style-scroll container_wrap fullsize'  ><div class='container av-section-cont-open' ><main  role=\"main\" itemprop=\"mainContentOfPage\"  class='template-page content  av-content-full alpha units'><div class='post-entry post-entry-type-page post-entry-1364'><div class='entry-content-wrapper clearfix'>\n\n<style type=\"text\/css\" data-created_by=\"avia_inline_auto\" id=\"style-css-av-k1upi7v9-d24358ea91b7d6a7dbb162f1a43b5565\">\n#top .av-special-heading.av-k1upi7v9-d24358ea91b7d6a7dbb162f1a43b5565{\npadding-bottom:10px;\n}\nbody .av-special-heading.av-k1upi7v9-d24358ea91b7d6a7dbb162f1a43b5565 .av-special-heading-tag .heading-char{\nfont-size:25px;\n}\n.av-special-heading.av-k1upi7v9-d24358ea91b7d6a7dbb162f1a43b5565 .av-subheading{\nfont-size:15px;\n}\n<\/style>\n<div  id=\"__page-title\"  class='av-special-heading av-k1upi7v9-d24358ea91b7d6a7dbb162f1a43b5565 av-special-heading-h1 blockquote modern-quote  avia-builder-el-1  el_before_av_codeblock  avia-builder-el-first '><h1 class='av-special-heading-tag '  itemprop=\"headline\"  >Imagefilm<\/h1><div class=\"special-heading-border\"><div class=\"special-heading-inner-border\"><\/div><\/div><\/div>\n\n\n<\/div><\/div><\/main><!-- close content main element --><\/div><\/div><div id='av_section_2'  class='avia-section av-7uog-7ee4eed27102c78098aa7bf4f4cb867a main_color avia-section-default avia-no-border-styling  avia-builder-el-3  el_after_av_section  avia-builder-el-last  avia-bg-style-scroll container_wrap fullsize'  ><div class='container av-section-cont-open' ><div class='template-page content  av-content-full alpha units'><div class='post-entry post-entry-type-page post-entry-1364'><div class='entry-content-wrapper clearfix'>\n\n<style type=\"text\/css\" data-created_by=\"avia_inline_auto\" id=\"style-css-av-5jnu-5d6fb371d2ec6a1e23322f47c8cd1543\">\n.flex_column.av-5jnu-5d6fb371d2ec6a1e23322f47c8cd1543{\nborder-radius:0px 0px 0px 0px;\npadding:0px 0px 0px 0px;\n}\n<\/style>\n<div  class='flex_column av-5jnu-5d6fb371d2ec6a1e23322f47c8cd1543 av_three_fourth  avia-builder-el-4  el_before_av_one_fourth  avia-builder-el-first  read_more_text first flex_column_div av-zero-column-padding  '     ><section  class='av_textblock_section av-k14ovvc6-3ac2cda3b0d08d93b99488c5d8def10f '   itemscope=\"itemscope\" itemtype=\"https:\/\/schema.org\/CreativeWork\" ><div class='avia_textblock padding-100'  itemprop=\"text\" ><h3>imagis Imagefilme<\/h3>\n<p>Filme bewegen Menschen. Schon immer und in YouTube-Zukunft noch viel mehr. Imagefilme pr\u00e4sentieren Ihre Stadt, Ihr Unternehmen oder Ihre Einrichtung auf besonders emotionale Weise mit Charakter und individuellem Charme.<\/p>\n<h3>Warum ein Imagefilm?<\/h3>\n<p>Imagefilme stehen repr\u00e4sentativ f\u00fcr Unternehmen, Organisationen oder St\u00e4dte \u2013 unverwechselbarer und in besonders authentischer Weise. Mit Hilfe von Sound, einem professionellen Sprecher und individuellen Schnittkonzepten unterst\u00fctzen Filme auf YouTube, Websites und anderen Portalen verkaufsf\u00f6rdernde Ma\u00dfnahmen und unterstreichen Markenwerte, Unternehmenskultur und pr\u00e4sentieren dar\u00fcber hinaus Produkte oder Dienstleistungen.<\/p>\n<h3>Wieviel kostet ein Imagefilm?<\/h3>\n<p>Fast jedes Vorgespr\u00e4ch birgt diese Frage: \u201eWas kostet ein Imagefilm?\u201c. Die Kosten f\u00fcr Imagefilme sind abh\u00e4ngig von unterschiedlichsten Faktoren, \u00e4hnlich wie beim Kauf eines Autos mit unterschiedlichster Leistung und Ausstattung. Die Kosten sind abh\u00e4ngig von Komplexit\u00e4t des Films, geplanter Dauer, Drehort, Drehzeit, Personenausstattung, Sprecher, Effekten, bis zur Gr\u00f6\u00dfe des Teams sowie Umfang der Technik.<\/p>\n<h3>Worauf muss ich bei einem Imagefilm achten?<\/h3>\n<p>Nicht alle Fragen m\u00fcssen Sie sich im Vorfeld schon beantworten. Worauf bei einem Imagefilm zu achten ist, kl\u00e4ren wir meist im ersten Gespr\u00e4ch und stellen Ihnen die wichtigen und entscheidenden Fragen.<br \/>\nUnternehmen, St\u00e4dte oder Organisationen haben unterschiedliche Anforderungen und sind entsprechend unterschiedlich im Projekt anzugehen.<\/p>\n<p>Eine Leitidee zum Film, die der Kunde manchmal schon ins Gespr\u00e4ch bringt, l\u00e4sst bereits erste Schl\u00fcsse f\u00fcr das Projekt zu. Gerade mit Blick auf die Kosten ist zu kl\u00e4ren, ob Personen im Imagefilm vorkommen sollen, Musik, Soundeffekte oder ein professioneller Sprecher zum Einsatz kommt. Die Location ist entscheidend f\u00fcr den Einsatz von Licht und individueller Technik und ein nicht zu vernachl\u00e4ssigender organisatorischer Aufwand.<br \/>\nLetztendlich spielt auch die geplante Verbreitung eine Rolle f\u00fcr die erforderliche Technik, wie f\u00fcr die anstehende Vorproduktion und die sp\u00e4tere Finalisierung des Films. Ob YouTube, Website oder Gro\u00dfleinwand \u2026 die gew\u00fcnschte Qualit\u00e4t des Videos beschreibt meist auch das erforderliche technische Equipment.<\/p>\n<p>Spannende realisierte imagis Projekte f\u00fcr Imagefilme finden Sie unter unseren <a href=\"https:\/\/imagis.tv\/imagis\/work\/\">Referenzen<\/a><\/p>\n<p>Suchen Sie Anregungen f\u00fcr Ihren Imagefilm? Haben Sie Fragen zu Idee, Kosten oder Aufwand? Melden Sie sich \u00fcber unsere <a href=\"\/kontakt\/\">Kontakt-Seite<\/a><\/p>\n<\/div><\/section><\/div>\n<style type=\"text\/css\" data-created_by=\"avia_inline_auto\" id=\"style-css-av-3932-5e028b945cb63479ea63cfeab96c6c2a\">\n.flex_column.av-3932-5e028b945cb63479ea63cfeab96c6c2a{\nborder-radius:0px 0px 0px 0px;\npadding:0px 0px 0px 0px;\n}\n<\/style>\n<div  class='flex_column av-3932-5e028b945cb63479ea63cfeab96c6c2a av_one_fourth  avia-builder-el-6  el_after_av_three_fourth  avia-builder-el-last  flex_column_div av-zero-column-padding  '     ><\/div>\n","protected":false},"excerpt":{"rendered":"","protected":false},"author":1,"featured_media":0,"parent":1351,"menu_order":0,"comment_status":"closed","ping_status":"closed","template":"","meta":{"footnotes":""},"class_list":["post-1364","page","type-page","status-publish","hentry"],"yoast_head":"<!-- This site is optimized with the Yoast SEO plugin v27.3 - https:\/\/yoast.com\/product\/yoast-seo-wordpress\/ -->\n<title>Image films | imagis.tv<\/title>\n<meta name=\"description\" content=\"imagis image films - image films are representative for companies, organisations or cities - unique and in a particularly authentic way. Get in touch with us!\" \/>\n<meta name=\"robots\" content=\"index, follow, max-snippet:-1, max-image-preview:large, max-video-preview:-1\" \/>\n<link rel=\"canonical\" href=\"https:\/\/imagis.tv\/en\/einsatzgebiete\/imagefilm\/\" \/>\n<meta property=\"og:locale\" content=\"en_US\" \/>\n<meta property=\"og:type\" content=\"article\" \/>\n<meta property=\"og:title\" content=\"Image films | imagis.tv\" \/>\n<meta property=\"og:description\" content=\"imagis image films - image films are representative for companies, organisations or cities - unique and in a particularly authentic way. Get in touch with us!\" \/>\n<meta property=\"og:url\" content=\"https:\/\/imagis.tv\/en\/einsatzgebiete\/imagefilm\/\" \/>\n<meta property=\"og:site_name\" content=\"imagis brands\" \/>\n<meta property=\"article:modified_time\" content=\"2024-01-30T14:27:09+00:00\" \/>\n<meta name=\"twitter:card\" content=\"summary_large_image\" \/>\n<meta name=\"twitter:label1\" content=\"Est. reading time\" \/>\n\t<meta name=\"twitter:data1\" content=\"5 minutes\" \/>\n<script type=\"application\/ld+json\" class=\"yoast-schema-graph\">{\"@context\":\"https:\\\/\\\/schema.org\",\"@graph\":[{\"@type\":\"WebPage\",\"@id\":\"https:\\\/\\\/imagis.tv\\\/en\\\/einsatzgebiete\\\/imagefilm\\\/\",\"url\":\"https:\\\/\\\/imagis.tv\\\/en\\\/einsatzgebiete\\\/imagefilm\\\/\",\"name\":\"Image films | imagis.tv\",\"isPartOf\":{\"@id\":\"https:\\\/\\\/imagis.tv\\\/en\\\/#website\"},\"datePublished\":\"2020-01-20T13:13:52+00:00\",\"dateModified\":\"2024-01-30T14:27:09+00:00\",\"description\":\"imagis image films - image films are representative for companies, organisations or cities - unique and in a particularly authentic way. Get in touch with us!\",\"breadcrumb\":{\"@id\":\"https:\\\/\\\/imagis.tv\\\/en\\\/einsatzgebiete\\\/imagefilm\\\/#breadcrumb\"},\"inLanguage\":\"en-US\",\"potentialAction\":[{\"@type\":\"ReadAction\",\"target\":[\"https:\\\/\\\/imagis.tv\\\/en\\\/einsatzgebiete\\\/imagefilm\\\/\"]}]},{\"@type\":\"BreadcrumbList\",\"@id\":\"https:\\\/\\\/imagis.tv\\\/en\\\/einsatzgebiete\\\/imagefilm\\\/#breadcrumb\",\"itemListElement\":[{\"@type\":\"ListItem\",\"position\":1,\"name\":\"Startseite\",\"item\":\"https:\\\/\\\/imagis.tv\\\/en\\\/home\\\/\"},{\"@type\":\"ListItem\",\"position\":2,\"name\":\"Applications\",\"item\":\"https:\\\/\\\/imagis.tv\\\/en\\\/einsatzgebiete\\\/\"},{\"@type\":\"ListItem\",\"position\":3,\"name\":\"Imagefilm\"}]},{\"@type\":\"WebSite\",\"@id\":\"https:\\\/\\\/imagis.tv\\\/en\\\/#website\",\"url\":\"https:\\\/\\\/imagis.tv\\\/en\\\/\",\"name\":\"imagis brands\",\"description\":\"\",\"potentialAction\":[{\"@type\":\"SearchAction\",\"target\":{\"@type\":\"EntryPoint\",\"urlTemplate\":\"https:\\\/\\\/imagis.tv\\\/en\\\/?s={search_term_string}\"},\"query-input\":{\"@type\":\"PropertyValueSpecification\",\"valueRequired\":true,\"valueName\":\"search_term_string\"}}],\"inLanguage\":\"en-US\"}]}<\/script>\n<!-- \/ Yoast SEO plugin. -->","yoast_head_json":{"title":"Image films | imagis.tv","description":"imagis image films - image films are representative for companies, organisations or cities - unique and in a particularly authentic way. Get in touch with us!","robots":{"index":"index","follow":"follow","max-snippet":"max-snippet:-1","max-image-preview":"max-image-preview:large","max-video-preview":"max-video-preview:-1"},"canonical":"https:\/\/imagis.tv\/en\/einsatzgebiete\/imagefilm\/","og_locale":"en_US","og_type":"article","og_title":"Image films | imagis.tv","og_description":"imagis image films - image films are representative for companies, organisations or cities - unique and in a particularly authentic way. Get in touch with us!","og_url":"https:\/\/imagis.tv\/en\/einsatzgebiete\/imagefilm\/","og_site_name":"imagis brands","article_modified_time":"2024-01-30T14:27:09+00:00","twitter_card":"summary_large_image","twitter_misc":{"Est. reading time":"5 minutes"},"schema":{"@context":"https:\/\/schema.org","@graph":[{"@type":"WebPage","@id":"https:\/\/imagis.tv\/en\/einsatzgebiete\/imagefilm\/","url":"https:\/\/imagis.tv\/en\/einsatzgebiete\/imagefilm\/","name":"Image films | imagis.tv","isPartOf":{"@id":"https:\/\/imagis.tv\/en\/#website"},"datePublished":"2020-01-20T13:13:52+00:00","dateModified":"2024-01-30T14:27:09+00:00","description":"imagis image films - image films are representative for companies, organisations or cities - unique and in a particularly authentic way. Get in touch with us!","breadcrumb":{"@id":"https:\/\/imagis.tv\/en\/einsatzgebiete\/imagefilm\/#breadcrumb"},"inLanguage":"en-US","potentialAction":[{"@type":"ReadAction","target":["https:\/\/imagis.tv\/en\/einsatzgebiete\/imagefilm\/"]}]},{"@type":"BreadcrumbList","@id":"https:\/\/imagis.tv\/en\/einsatzgebiete\/imagefilm\/#breadcrumb","itemListElement":[{"@type":"ListItem","position":1,"name":"Startseite","item":"https:\/\/imagis.tv\/en\/home\/"},{"@type":"ListItem","position":2,"name":"Applications","item":"https:\/\/imagis.tv\/en\/einsatzgebiete\/"},{"@type":"ListItem","position":3,"name":"Imagefilm"}]},{"@type":"WebSite","@id":"https:\/\/imagis.tv\/en\/#website","url":"https:\/\/imagis.tv\/en\/","name":"imagis brands","description":"","potentialAction":[{"@type":"SearchAction","target":{"@type":"EntryPoint","urlTemplate":"https:\/\/imagis.tv\/en\/?s={search_term_string}"},"query-input":{"@type":"PropertyValueSpecification","valueRequired":true,"valueName":"search_term_string"}}],"inLanguage":"en-US"}]}},"_links":{"self":[{"href":"https:\/\/imagis.tv\/en\/wp-json\/wp\/v2\/pages\/1364","targetHints":{"allow":["GET"]}}],"collection":[{"href":"https:\/\/imagis.tv\/en\/wp-json\/wp\/v2\/pages"}],"about":[{"href":"https:\/\/imagis.tv\/en\/wp-json\/wp\/v2\/types\/page"}],"author":[{"embeddable":true,"href":"https:\/\/imagis.tv\/en\/wp-json\/wp\/v2\/users\/1"}],"replies":[{"embeddable":true,"href":"https:\/\/imagis.tv\/en\/wp-json\/wp\/v2\/comments?post=1364"}],"version-history":[{"count":5,"href":"https:\/\/imagis.tv\/en\/wp-json\/wp\/v2\/pages\/1364\/revisions"}],"predecessor-version":[{"id":17691,"href":"https:\/\/imagis.tv\/en\/wp-json\/wp\/v2\/pages\/1364\/revisions\/17691"}],"up":[{"embeddable":true,"href":"https:\/\/imagis.tv\/en\/wp-json\/wp\/v2\/pages\/1351"}],"wp:attachment":[{"href":"https:\/\/imagis.tv\/en\/wp-json\/wp\/v2\/media?parent=1364"}],"curies":[{"name":"wp","href":"https:\/\/api.w.org\/{rel}","templated":true}]}}