{"id":1360,"date":"2020-01-20T14:13:20","date_gmt":"2020-01-20T13:13:20","guid":{"rendered":"https:\/\/imagis.tv\/?page_id=1360"},"modified":"2024-01-30T15:25:30","modified_gmt":"2024-01-30T14:25:30","slug":"filmproduktion","status":"publish","type":"page","link":"https:\/\/imagis.tv\/en\/einsatzgebiete\/filmproduktion\/","title":{"rendered":"Filmproduktion"},"content":{"rendered":"<div id='top-section'  class='avia-section av-k14q1b3d-84ae0681d61363fdcf74b634f4ac3fea main_color avia-section-default avia-no-border-styling  avia-builder-el-0  el_before_av_section  avia-builder-el-first  __static avia-bg-style-scroll container_wrap fullsize'  ><div class='container av-section-cont-open' ><main  role=\"main\" itemprop=\"mainContentOfPage\"  class='template-page content  av-content-full alpha units'><div class='post-entry post-entry-type-page post-entry-1360'><div class='entry-content-wrapper clearfix'>\n\n<style type=\"text\/css\" data-created_by=\"avia_inline_auto\" id=\"style-css-av-k54227tx-3954e0a68e842fae71d365dc982c4ed0\">\n#top .av-special-heading.av-k54227tx-3954e0a68e842fae71d365dc982c4ed0{\npadding-bottom:10px;\n}\nbody .av-special-heading.av-k54227tx-3954e0a68e842fae71d365dc982c4ed0 .av-special-heading-tag .heading-char{\nfont-size:25px;\n}\n.av-special-heading.av-k54227tx-3954e0a68e842fae71d365dc982c4ed0 .av-subheading{\nfont-size:15px;\n}\n<\/style>\n<div  id=\"__page-title\"  class='av-special-heading av-k54227tx-3954e0a68e842fae71d365dc982c4ed0 av-special-heading-h1 blockquote modern-quote  avia-builder-el-1  el_before_av_codeblock  avia-builder-el-first '><h1 class='av-special-heading-tag '  itemprop=\"headline\"  >Filmproduktion<\/h1><div class=\"special-heading-border\"><div class=\"special-heading-inner-border\"><\/div><\/div><\/div>\n\n\n<\/div><\/div><\/main><!-- close content main element --><\/div><\/div><div id='av_section_2'  class='avia-section av-7uog-7ee4eed27102c78098aa7bf4f4cb867a main_color avia-section-default avia-no-border-styling  avia-builder-el-3  el_after_av_section  avia-builder-el-last  avia-bg-style-scroll container_wrap fullsize'  ><div class='container av-section-cont-open' ><div class='template-page content  av-content-full alpha units'><div class='post-entry post-entry-type-page post-entry-1360'><div class='entry-content-wrapper clearfix'>\n\n<style type=\"text\/css\" data-created_by=\"avia_inline_auto\" id=\"style-css-av-5jnu-5d6fb371d2ec6a1e23322f47c8cd1543\">\n.flex_column.av-5jnu-5d6fb371d2ec6a1e23322f47c8cd1543{\nborder-radius:0px 0px 0px 0px;\npadding:0px 0px 0px 0px;\n}\n<\/style>\n<div  class='flex_column av-5jnu-5d6fb371d2ec6a1e23322f47c8cd1543 av_three_fourth  avia-builder-el-4  el_before_av_one_fourth  avia-builder-el-first  read_more_text first flex_column_div av-zero-column-padding  '     ><section  class='av_textblock_section av-k14ovvc6-3ac2cda3b0d08d93b99488c5d8def10f '   itemscope=\"itemscope\" itemtype=\"https:\/\/schema.org\/CreativeWork\" ><div class='avia_textblock padding-100'  itemprop=\"text\" ><h3>Imagefilm, Video, Film, Clip \u2013 der Herstellungsprozess<\/h3>\n<p>Die Produktion eines Kino-, Werbe- oder Imagefilms gliedert sich in unterschiedliche Phasen: Projektentwicklung, Vorproduktion, Dreharbeiten und Postproduktion. Je nach Konzept und Anforderungen des Kundens oder Unternehmens sind die Bestandteile der Filmproduktion individuell gelagert und die Erstellung des Videos entsprechend aufw\u00e4ndig. Im Einzelfall lassen sich die Kosten f\u00fcr das Unternehmen bereits im ersten Gespr\u00e4ch mit den Kunden grob kalkulieren.<\/p>\n<h3>Phasen der Filmproduktion<\/h3>\n<p>Abh\u00e4ngig von Produktionstyp und Einsatzbereich sind die Teilbereiche der Filmproduktion unterschiedlich aufw\u00e4ndig. Imagefime, Videos f\u00fcr den Social Media Bereich oder Filme f\u00fcr den kommerziellen Einsatz werden in der ersten Phase der Produktion, der Projektentwicklung, vorbereitet: Storyboard oder Drehbuch, Kalkulation und Planung.<br \/>\nDie Vorproduktion beschreibt s\u00e4mtliche Vorbereitungen f\u00fcr die Dreharbeiten: Buchung Schauspieler, Statisten, Festlegung und ggf. Erstellung von Drehorten oder Filmsets.<br \/>\nDie Dreharbeiten sehen die eigentlichen Aufnahmen f\u00fcr Film, Video oder Imagefilm vor.<br \/>\nDer Abschluss der Filmproduktion erfolgt durch die Postproduktion, bei der Bild- und Tonmaterial, visuelle Effekte sowie Musik zu einer Gesamtkomposition zusammengestellt werden.<\/p>\n<p>Individuelle Filmproduktionen von imagis finden Sie unter unseren <a href=\"https:\/\/imagis.tv\/imagis\/work\/\"><u>Referenzen<\/u><\/a><\/p>\n<p>Suchen Sie Anregungen f\u00fcr Video, Imagefilm oder kommerzielle Filmproduktionen? Haben Sie Fragen zu Idee, Kosten oder Aufwand? Melden Sie sich \u00fcber unsere <a href=\"\/kontakt\/\"><u>Kontakt-Seite<\/u><\/a><\/p>\n<\/div><\/section><\/div>\n<style type=\"text\/css\" data-created_by=\"avia_inline_auto\" id=\"style-css-av-3932-5e028b945cb63479ea63cfeab96c6c2a\">\n.flex_column.av-3932-5e028b945cb63479ea63cfeab96c6c2a{\nborder-radius:0px 0px 0px 0px;\npadding:0px 0px 0px 0px;\n}\n<\/style>\n<div  class='flex_column av-3932-5e028b945cb63479ea63cfeab96c6c2a av_one_fourth  avia-builder-el-6  el_after_av_three_fourth  avia-builder-el-last  flex_column_div av-zero-column-padding  '     ><\/div>\n","protected":false},"excerpt":{"rendered":"","protected":false},"author":1,"featured_media":0,"parent":1351,"menu_order":0,"comment_status":"closed","ping_status":"closed","template":"","meta":{"footnotes":""},"class_list":["post-1360","page","type-page","status-publish","hentry"],"yoast_head":"<!-- This site is optimized with the Yoast SEO plugin v27.4 - https:\/\/yoast.com\/product\/yoast-seo-wordpress\/ -->\n<title>Film production | imagis.tv<\/title>\n<meta name=\"description\" content=\"Film production - Learn everything about the phases of film production and how an image film, video, film or clip from imagis.tv is created.\" \/>\n<meta name=\"robots\" content=\"index, follow, max-snippet:-1, max-image-preview:large, max-video-preview:-1\" \/>\n<link rel=\"canonical\" href=\"https:\/\/imagis.tv\/en\/einsatzgebiete\/filmproduktion\/\" \/>\n<meta property=\"og:locale\" content=\"en_US\" \/>\n<meta property=\"og:type\" content=\"article\" \/>\n<meta property=\"og:title\" content=\"Film production | imagis.tv\" \/>\n<meta property=\"og:description\" content=\"Film production - Learn everything about the phases of film production and how an image film, video, film or clip from imagis.tv is created.\" \/>\n<meta property=\"og:url\" content=\"https:\/\/imagis.tv\/en\/einsatzgebiete\/filmproduktion\/\" \/>\n<meta property=\"og:site_name\" content=\"imagis brands\" \/>\n<meta property=\"article:modified_time\" content=\"2024-01-30T14:25:30+00:00\" \/>\n<meta name=\"twitter:card\" content=\"summary_large_image\" \/>\n<meta name=\"twitter:label1\" content=\"Est. reading time\" \/>\n\t<meta name=\"twitter:data1\" content=\"4 minutes\" \/>\n<script type=\"application\/ld+json\" class=\"yoast-schema-graph\">{\"@context\":\"https:\\\/\\\/schema.org\",\"@graph\":[{\"@type\":\"WebPage\",\"@id\":\"https:\\\/\\\/imagis.tv\\\/en\\\/einsatzgebiete\\\/filmproduktion\\\/\",\"url\":\"https:\\\/\\\/imagis.tv\\\/en\\\/einsatzgebiete\\\/filmproduktion\\\/\",\"name\":\"Film production | imagis.tv\",\"isPartOf\":{\"@id\":\"https:\\\/\\\/imagis.tv\\\/en\\\/#website\"},\"datePublished\":\"2020-01-20T13:13:20+00:00\",\"dateModified\":\"2024-01-30T14:25:30+00:00\",\"description\":\"Film production - Learn everything about the phases of film production and how an image film, video, film or clip from imagis.tv is created.\",\"breadcrumb\":{\"@id\":\"https:\\\/\\\/imagis.tv\\\/en\\\/einsatzgebiete\\\/filmproduktion\\\/#breadcrumb\"},\"inLanguage\":\"en-US\",\"potentialAction\":[{\"@type\":\"ReadAction\",\"target\":[\"https:\\\/\\\/imagis.tv\\\/en\\\/einsatzgebiete\\\/filmproduktion\\\/\"]}]},{\"@type\":\"BreadcrumbList\",\"@id\":\"https:\\\/\\\/imagis.tv\\\/en\\\/einsatzgebiete\\\/filmproduktion\\\/#breadcrumb\",\"itemListElement\":[{\"@type\":\"ListItem\",\"position\":1,\"name\":\"Startseite\",\"item\":\"https:\\\/\\\/imagis.tv\\\/en\\\/home\\\/\"},{\"@type\":\"ListItem\",\"position\":2,\"name\":\"Applications\",\"item\":\"https:\\\/\\\/imagis.tv\\\/en\\\/einsatzgebiete\\\/\"},{\"@type\":\"ListItem\",\"position\":3,\"name\":\"Filmproduktion\"}]},{\"@type\":\"WebSite\",\"@id\":\"https:\\\/\\\/imagis.tv\\\/en\\\/#website\",\"url\":\"https:\\\/\\\/imagis.tv\\\/en\\\/\",\"name\":\"imagis brands\",\"description\":\"\",\"potentialAction\":[{\"@type\":\"SearchAction\",\"target\":{\"@type\":\"EntryPoint\",\"urlTemplate\":\"https:\\\/\\\/imagis.tv\\\/en\\\/?s={search_term_string}\"},\"query-input\":{\"@type\":\"PropertyValueSpecification\",\"valueRequired\":true,\"valueName\":\"search_term_string\"}}],\"inLanguage\":\"en-US\"}]}<\/script>\n<!-- \/ Yoast SEO plugin. -->","yoast_head_json":{"title":"Film production | imagis.tv","description":"Film production - Learn everything about the phases of film production and how an image film, video, film or clip from imagis.tv is created.","robots":{"index":"index","follow":"follow","max-snippet":"max-snippet:-1","max-image-preview":"max-image-preview:large","max-video-preview":"max-video-preview:-1"},"canonical":"https:\/\/imagis.tv\/en\/einsatzgebiete\/filmproduktion\/","og_locale":"en_US","og_type":"article","og_title":"Film production | imagis.tv","og_description":"Film production - Learn everything about the phases of film production and how an image film, video, film or clip from imagis.tv is created.","og_url":"https:\/\/imagis.tv\/en\/einsatzgebiete\/filmproduktion\/","og_site_name":"imagis brands","article_modified_time":"2024-01-30T14:25:30+00:00","twitter_card":"summary_large_image","twitter_misc":{"Est. reading time":"4 minutes"},"schema":{"@context":"https:\/\/schema.org","@graph":[{"@type":"WebPage","@id":"https:\/\/imagis.tv\/en\/einsatzgebiete\/filmproduktion\/","url":"https:\/\/imagis.tv\/en\/einsatzgebiete\/filmproduktion\/","name":"Film production | imagis.tv","isPartOf":{"@id":"https:\/\/imagis.tv\/en\/#website"},"datePublished":"2020-01-20T13:13:20+00:00","dateModified":"2024-01-30T14:25:30+00:00","description":"Film production - Learn everything about the phases of film production and how an image film, video, film or clip from imagis.tv is created.","breadcrumb":{"@id":"https:\/\/imagis.tv\/en\/einsatzgebiete\/filmproduktion\/#breadcrumb"},"inLanguage":"en-US","potentialAction":[{"@type":"ReadAction","target":["https:\/\/imagis.tv\/en\/einsatzgebiete\/filmproduktion\/"]}]},{"@type":"BreadcrumbList","@id":"https:\/\/imagis.tv\/en\/einsatzgebiete\/filmproduktion\/#breadcrumb","itemListElement":[{"@type":"ListItem","position":1,"name":"Startseite","item":"https:\/\/imagis.tv\/en\/home\/"},{"@type":"ListItem","position":2,"name":"Applications","item":"https:\/\/imagis.tv\/en\/einsatzgebiete\/"},{"@type":"ListItem","position":3,"name":"Filmproduktion"}]},{"@type":"WebSite","@id":"https:\/\/imagis.tv\/en\/#website","url":"https:\/\/imagis.tv\/en\/","name":"imagis brands","description":"","potentialAction":[{"@type":"SearchAction","target":{"@type":"EntryPoint","urlTemplate":"https:\/\/imagis.tv\/en\/?s={search_term_string}"},"query-input":{"@type":"PropertyValueSpecification","valueRequired":true,"valueName":"search_term_string"}}],"inLanguage":"en-US"}]}},"_links":{"self":[{"href":"https:\/\/imagis.tv\/en\/wp-json\/wp\/v2\/pages\/1360","targetHints":{"allow":["GET"]}}],"collection":[{"href":"https:\/\/imagis.tv\/en\/wp-json\/wp\/v2\/pages"}],"about":[{"href":"https:\/\/imagis.tv\/en\/wp-json\/wp\/v2\/types\/page"}],"author":[{"embeddable":true,"href":"https:\/\/imagis.tv\/en\/wp-json\/wp\/v2\/users\/1"}],"replies":[{"embeddable":true,"href":"https:\/\/imagis.tv\/en\/wp-json\/wp\/v2\/comments?post=1360"}],"version-history":[{"count":4,"href":"https:\/\/imagis.tv\/en\/wp-json\/wp\/v2\/pages\/1360\/revisions"}],"predecessor-version":[{"id":17531,"href":"https:\/\/imagis.tv\/en\/wp-json\/wp\/v2\/pages\/1360\/revisions\/17531"}],"up":[{"embeddable":true,"href":"https:\/\/imagis.tv\/en\/wp-json\/wp\/v2\/pages\/1351"}],"wp:attachment":[{"href":"https:\/\/imagis.tv\/en\/wp-json\/wp\/v2\/media?parent=1360"}],"curies":[{"name":"wp","href":"https:\/\/api.w.org\/{rel}","templated":true}]}}