{"id":1356,"date":"2020-01-20T14:12:38","date_gmt":"2020-01-20T13:12:38","guid":{"rendered":"https:\/\/imagis.tv\/?page_id=1356"},"modified":"2024-01-30T15:25:30","modified_gmt":"2024-01-30T14:25:30","slug":"employer-branding","status":"publish","type":"page","link":"https:\/\/imagis.tv\/en\/einsatzgebiete\/employer-branding\/","title":{"rendered":"Employer Branding"},"content":{"rendered":"<div id='top-section'  class='avia-section av-k14q1b3d-84ae0681d61363fdcf74b634f4ac3fea main_color avia-section-default avia-no-border-styling  avia-builder-el-0  el_before_av_section  avia-builder-el-first  __static avia-bg-style-scroll container_wrap fullsize'  ><div class='container av-section-cont-open' ><main  role=\"main\" itemprop=\"mainContentOfPage\"  class='template-page content  av-content-full alpha units'><div class='post-entry post-entry-type-page post-entry-1356'><div class='entry-content-wrapper clearfix'>\n\n<style type=\"text\/css\" data-created_by=\"avia_inline_auto\" id=\"style-css-av-k1up1wc2-c15ae1c73d32a76e300eaccc5f8ee6b9\">\n#top .av-special-heading.av-k1up1wc2-c15ae1c73d32a76e300eaccc5f8ee6b9{\npadding-bottom:10px;\n}\nbody .av-special-heading.av-k1up1wc2-c15ae1c73d32a76e300eaccc5f8ee6b9 .av-special-heading-tag .heading-char{\nfont-size:25px;\n}\n.av-special-heading.av-k1up1wc2-c15ae1c73d32a76e300eaccc5f8ee6b9 .av-subheading{\nfont-size:15px;\n}\n<\/style>\n<div  id=\"__page-title\"  class='av-special-heading av-k1up1wc2-c15ae1c73d32a76e300eaccc5f8ee6b9 av-special-heading-h1 blockquote modern-quote  avia-builder-el-1  el_before_av_codeblock  avia-builder-el-first '><h1 class='av-special-heading-tag '  itemprop=\"headline\"  >Employer Branding<\/h1><div class=\"special-heading-border\"><div class=\"special-heading-inner-border\"><\/div><\/div><\/div>\n\n\n<\/div><\/div><\/main><!-- close content main element --><\/div><\/div><div id='av_section_2'  class='avia-section av-7uog-7ee4eed27102c78098aa7bf4f4cb867a main_color avia-section-default avia-no-border-styling  avia-builder-el-3  el_after_av_section  avia-builder-el-last  avia-bg-style-scroll container_wrap fullsize'  ><div class='container av-section-cont-open' ><div class='template-page content  av-content-full alpha units'><div class='post-entry post-entry-type-page post-entry-1356'><div class='entry-content-wrapper clearfix'>\n\n<style type=\"text\/css\" data-created_by=\"avia_inline_auto\" id=\"style-css-av-5jnu-5d6fb371d2ec6a1e23322f47c8cd1543\">\n.flex_column.av-5jnu-5d6fb371d2ec6a1e23322f47c8cd1543{\nborder-radius:0px 0px 0px 0px;\npadding:0px 0px 0px 0px;\n}\n<\/style>\n<div  class='flex_column av-5jnu-5d6fb371d2ec6a1e23322f47c8cd1543 av_three_fourth  avia-builder-el-4  el_before_av_one_fourth  avia-builder-el-first  read_more_text first flex_column_div av-zero-column-padding  '     ><section  class='av_textblock_section av-k14ovvc6-3ac2cda3b0d08d93b99488c5d8def10f '   itemscope=\"itemscope\" itemtype=\"https:\/\/schema.org\/CreativeWork\" ><div class='avia_textblock padding-100'  itemprop=\"text\" ><h3>Employer Branding: Die Arbeitgebermarke<\/h3>\n<p>\u201e\u2026 eine unternehmensstrategische Ma\u00dfnahme, bei der Konzepte aus dem Marketing \u2013 insbesondere der Markenbildung \u2013 angewandt werden.\u201c (Wikipedia)<br \/>\nKlingt reichlich langweilig \u2026 F\u00fcr uns ist es die emotionalste Weise, Arbeitgeber und zuk\u00fcnftige Mitarbeiter zusammen zu bringen. Nichts pr\u00e4sentiert eine Arbeitgebermarke authentischer und wirkungsvoller als ein professionelles Video f\u00fcr Recruiting und Employer Branding.<\/p>\n<h3>Gr\u00fcnde f\u00fcr ein Recruiting Video zur Employer Brand.<\/h3>\n<p>Das Recruiting Video ist heute zu einem der wichtigen Elemente der Employer Brand avanciert. Richtig entwickelt und eingesetzt, unterst\u00fctzt der Film nicht nur den Recruitingprozess sondern auch das Markenbild des Unternehmens sowie die Arbeitgebermarke. Der Film im Rahmen des Recruitings ist Ausdruck kreativer, emotionaler und glaubhafter Bewerbung um zuk\u00fcnftige Mitarbeiter und macht das Unternehmen unverwechselbar und erlebbar.<\/p>\n<h3>Videos unterst\u00fctzen Kampagnen und Konzepte zur Arbeitgebermarke.<\/h3>\n<p>Social Media, HR-Portale und Websites sind die Basisinstrumente auf der Klaviatur des Recruitings. Nachweislich sorgen Videos und Bewegtbilder f\u00fcr die h\u00f6chste Aufmerksamkeit und Verweildauer bei Online-Nutzern auf. Mit cleveren Konzepten werden Videos zum wesentlichsten und st\u00e4rksten Bestandteil von Recruiting Kampagnen und stehen nicht selten als Flaggschiff einer Kampagne im medialen Vordergrund von Stories und Contentkonzepten. Der Wettbewerb nimmt dabei kontinuierlich zu \u2026 vorne dran ist, wer sich aufmerksamkeitsstark und originell im Rahmen einer crossmedialen Kampagne pr\u00e4sentiert.<\/p>\n<p>Spannende realisierte imagis Projekte f\u00fcr Unternehmen, Arbeitgeber und Brandings finden Sie unter unseren <a href=\"https:\/\/imagis.tv\/imagis\/work\/\"><u>Referenzen<\/u><\/a><\/p>\n<p>Suchen Sie Anregungen f\u00fcr Ihr Emplyoer Branding oder Ihre Arbeitgebermarke? Haben Sie Fragen zu Idee, Kosten oder Aufwand? Melden Sie sich \u00fcber unsere <a href=\"\/kontakt\/\"><u>Kontakt-Seite<\/u><\/a><\/p>\n<\/div><\/section><\/div>\n<style type=\"text\/css\" data-created_by=\"avia_inline_auto\" id=\"style-css-av-3932-5e028b945cb63479ea63cfeab96c6c2a\">\n.flex_column.av-3932-5e028b945cb63479ea63cfeab96c6c2a{\nborder-radius:0px 0px 0px 0px;\npadding:0px 0px 0px 0px;\n}\n<\/style>\n<div  class='flex_column av-3932-5e028b945cb63479ea63cfeab96c6c2a av_one_fourth  avia-builder-el-6  el_after_av_three_fourth  avia-builder-el-last  flex_column_div av-zero-column-padding  '     ><\/div>\n","protected":false},"excerpt":{"rendered":"","protected":false},"author":1,"featured_media":0,"parent":1351,"menu_order":0,"comment_status":"closed","ping_status":"closed","template":"","meta":{"footnotes":""},"class_list":["post-1356","page","type-page","status-publish","hentry"],"yoast_head":"<!-- This site is optimized with the Yoast SEO plugin v27.4 - https:\/\/yoast.com\/product\/yoast-seo-wordpress\/ -->\n<title>Employer Branding | imagis.tv<\/title>\n<meta name=\"description\" content=\"Nothing represents an employer brand more effectively than a professional video for employer branding. Get in touch with us for more information.\" \/>\n<meta name=\"robots\" content=\"index, follow, max-snippet:-1, max-image-preview:large, max-video-preview:-1\" \/>\n<link rel=\"canonical\" href=\"https:\/\/imagis.tv\/en\/einsatzgebiete\/employer-branding\/\" \/>\n<meta property=\"og:locale\" content=\"en_US\" \/>\n<meta property=\"og:type\" content=\"article\" \/>\n<meta property=\"og:title\" content=\"Employer Branding | imagis.tv\" \/>\n<meta property=\"og:description\" content=\"Nothing represents an employer brand more effectively than a professional video for employer branding. Get in touch with us for more information.\" \/>\n<meta property=\"og:url\" content=\"https:\/\/imagis.tv\/en\/einsatzgebiete\/employer-branding\/\" \/>\n<meta property=\"og:site_name\" content=\"imagis brands\" \/>\n<meta property=\"article:modified_time\" content=\"2024-01-30T14:25:30+00:00\" \/>\n<meta name=\"twitter:card\" content=\"summary_large_image\" \/>\n<meta name=\"twitter:label1\" content=\"Est. reading time\" \/>\n\t<meta name=\"twitter:data1\" content=\"4 minutes\" \/>\n<script type=\"application\/ld+json\" class=\"yoast-schema-graph\">{\"@context\":\"https:\\\/\\\/schema.org\",\"@graph\":[{\"@type\":\"WebPage\",\"@id\":\"https:\\\/\\\/imagis.tv\\\/en\\\/einsatzgebiete\\\/employer-branding\\\/\",\"url\":\"https:\\\/\\\/imagis.tv\\\/en\\\/einsatzgebiete\\\/employer-branding\\\/\",\"name\":\"Employer Branding | imagis.tv\",\"isPartOf\":{\"@id\":\"https:\\\/\\\/imagis.tv\\\/en\\\/#website\"},\"datePublished\":\"2020-01-20T13:12:38+00:00\",\"dateModified\":\"2024-01-30T14:25:30+00:00\",\"description\":\"Nothing represents an employer brand more effectively than a professional video for employer branding. Get in touch with us for more information.\",\"breadcrumb\":{\"@id\":\"https:\\\/\\\/imagis.tv\\\/en\\\/einsatzgebiete\\\/employer-branding\\\/#breadcrumb\"},\"inLanguage\":\"en-US\",\"potentialAction\":[{\"@type\":\"ReadAction\",\"target\":[\"https:\\\/\\\/imagis.tv\\\/en\\\/einsatzgebiete\\\/employer-branding\\\/\"]}]},{\"@type\":\"BreadcrumbList\",\"@id\":\"https:\\\/\\\/imagis.tv\\\/en\\\/einsatzgebiete\\\/employer-branding\\\/#breadcrumb\",\"itemListElement\":[{\"@type\":\"ListItem\",\"position\":1,\"name\":\"Startseite\",\"item\":\"https:\\\/\\\/imagis.tv\\\/en\\\/home\\\/\"},{\"@type\":\"ListItem\",\"position\":2,\"name\":\"Applications\",\"item\":\"https:\\\/\\\/imagis.tv\\\/en\\\/einsatzgebiete\\\/\"},{\"@type\":\"ListItem\",\"position\":3,\"name\":\"Employer Branding\"}]},{\"@type\":\"WebSite\",\"@id\":\"https:\\\/\\\/imagis.tv\\\/en\\\/#website\",\"url\":\"https:\\\/\\\/imagis.tv\\\/en\\\/\",\"name\":\"imagis brands\",\"description\":\"\",\"potentialAction\":[{\"@type\":\"SearchAction\",\"target\":{\"@type\":\"EntryPoint\",\"urlTemplate\":\"https:\\\/\\\/imagis.tv\\\/en\\\/?s={search_term_string}\"},\"query-input\":{\"@type\":\"PropertyValueSpecification\",\"valueRequired\":true,\"valueName\":\"search_term_string\"}}],\"inLanguage\":\"en-US\"}]}<\/script>\n<!-- \/ Yoast SEO plugin. -->","yoast_head_json":{"title":"Employer Branding | imagis.tv","description":"Nothing represents an employer brand more effectively than a professional video for employer branding. Get in touch with us for more information.","robots":{"index":"index","follow":"follow","max-snippet":"max-snippet:-1","max-image-preview":"max-image-preview:large","max-video-preview":"max-video-preview:-1"},"canonical":"https:\/\/imagis.tv\/en\/einsatzgebiete\/employer-branding\/","og_locale":"en_US","og_type":"article","og_title":"Employer Branding | imagis.tv","og_description":"Nothing represents an employer brand more effectively than a professional video for employer branding. Get in touch with us for more information.","og_url":"https:\/\/imagis.tv\/en\/einsatzgebiete\/employer-branding\/","og_site_name":"imagis brands","article_modified_time":"2024-01-30T14:25:30+00:00","twitter_card":"summary_large_image","twitter_misc":{"Est. reading time":"4 minutes"},"schema":{"@context":"https:\/\/schema.org","@graph":[{"@type":"WebPage","@id":"https:\/\/imagis.tv\/en\/einsatzgebiete\/employer-branding\/","url":"https:\/\/imagis.tv\/en\/einsatzgebiete\/employer-branding\/","name":"Employer Branding | imagis.tv","isPartOf":{"@id":"https:\/\/imagis.tv\/en\/#website"},"datePublished":"2020-01-20T13:12:38+00:00","dateModified":"2024-01-30T14:25:30+00:00","description":"Nothing represents an employer brand more effectively than a professional video for employer branding. Get in touch with us for more information.","breadcrumb":{"@id":"https:\/\/imagis.tv\/en\/einsatzgebiete\/employer-branding\/#breadcrumb"},"inLanguage":"en-US","potentialAction":[{"@type":"ReadAction","target":["https:\/\/imagis.tv\/en\/einsatzgebiete\/employer-branding\/"]}]},{"@type":"BreadcrumbList","@id":"https:\/\/imagis.tv\/en\/einsatzgebiete\/employer-branding\/#breadcrumb","itemListElement":[{"@type":"ListItem","position":1,"name":"Startseite","item":"https:\/\/imagis.tv\/en\/home\/"},{"@type":"ListItem","position":2,"name":"Applications","item":"https:\/\/imagis.tv\/en\/einsatzgebiete\/"},{"@type":"ListItem","position":3,"name":"Employer Branding"}]},{"@type":"WebSite","@id":"https:\/\/imagis.tv\/en\/#website","url":"https:\/\/imagis.tv\/en\/","name":"imagis brands","description":"","potentialAction":[{"@type":"SearchAction","target":{"@type":"EntryPoint","urlTemplate":"https:\/\/imagis.tv\/en\/?s={search_term_string}"},"query-input":{"@type":"PropertyValueSpecification","valueRequired":true,"valueName":"search_term_string"}}],"inLanguage":"en-US"}]}},"_links":{"self":[{"href":"https:\/\/imagis.tv\/en\/wp-json\/wp\/v2\/pages\/1356","targetHints":{"allow":["GET"]}}],"collection":[{"href":"https:\/\/imagis.tv\/en\/wp-json\/wp\/v2\/pages"}],"about":[{"href":"https:\/\/imagis.tv\/en\/wp-json\/wp\/v2\/types\/page"}],"author":[{"embeddable":true,"href":"https:\/\/imagis.tv\/en\/wp-json\/wp\/v2\/users\/1"}],"replies":[{"embeddable":true,"href":"https:\/\/imagis.tv\/en\/wp-json\/wp\/v2\/comments?post=1356"}],"version-history":[{"count":4,"href":"https:\/\/imagis.tv\/en\/wp-json\/wp\/v2\/pages\/1356\/revisions"}],"predecessor-version":[{"id":17521,"href":"https:\/\/imagis.tv\/en\/wp-json\/wp\/v2\/pages\/1356\/revisions\/17521"}],"up":[{"embeddable":true,"href":"https:\/\/imagis.tv\/en\/wp-json\/wp\/v2\/pages\/1351"}],"wp:attachment":[{"href":"https:\/\/imagis.tv\/en\/wp-json\/wp\/v2\/media?parent=1356"}],"curies":[{"name":"wp","href":"https:\/\/api.w.org\/{rel}","templated":true}]}}